{"id":572,"date":"2024-10-03T12:37:44","date_gmt":"2024-10-03T10:37:44","guid":{"rendered":"https:\/\/helloguangxi.com\/?post_type=product&#038;p=572"},"modified":"2025-01-16T15:21:15","modified_gmt":"2025-01-16T14:21:15","slug":"bague-carree","status":"publish","type":"product","link":"https:\/\/helloguangxi.com\/index.php\/produit\/bague-carree\/","title":{"rendered":"Bague carr\u00e9e fleur"},"content":{"rendered":"<p>Bague argent\u00e9e du peuple minoritaire Miao<\/p>\n<p>Cette bague, fabriqu\u00e9e \u00e0 la main par des artisans Miao, un t\u00e9moignage de l&#8217;expertise traditionnelle de cette ethnie minoritaire.<\/p>\n<p>Elle pr\u00e9sente une surface carr\u00e9e, orn\u00e9e d&#8217;une broderie bleu clair avec un motif floral.<\/p>\n","protected":false},"excerpt":{"rendered":"<p>Bague argent\u00e9e du peuple minoritaire Miao avec fleur brod\u00e9e en soie<\/p>\n","protected":false},"featured_media":750,"comment_status":"open","ping_status":"closed","template":"","meta":[],"product_brand":[],"product_cat":[24],"product_tag":[25],"class_list":{"0":"post-572","1":"product","2":"type-product","3":"status-publish","4":"has-post-thumbnail","6":"product_cat-bague","7":"product_tag-bague001","9":"first","10":"instock","11":"shipping-taxable","12":"purchasable","13":"product-type-simple"},"_links":{"self":[{"href":"https:\/\/helloguangxi.com\/index.php\/wp-json\/wp\/v2\/product\/572","targetHints":{"allow":["GET"]}}],"collection":[{"href":"https:\/\/helloguangxi.com\/index.php\/wp-json\/wp\/v2\/product"}],"about":[{"href":"https:\/\/helloguangxi.com\/index.php\/wp-json\/wp\/v2\/types\/product"}],"replies":[{"embeddable":true,"href":"https:\/\/helloguangxi.com\/index.php\/wp-json\/wp\/v2\/comments?post=572"}],"wp:featuredmedia":[{"embeddable":true,"href":"https:\/\/helloguangxi.com\/index.php\/wp-json\/wp\/v2\/media\/750"}],"wp:attachment":[{"href":"https:\/\/helloguangxi.com\/index.php\/wp-json\/wp\/v2\/media?parent=572"}],"wp:term":[{"taxonomy":"product_brand","embeddable":true,"href":"https:\/\/helloguangxi.com\/index.php\/wp-json\/wp\/v2\/product_brand?post=572"},{"taxonomy":"product_cat","embeddable":true,"href":"https:\/\/helloguangxi.com\/index.php\/wp-json\/wp\/v2\/product_cat?post=572"},{"taxonomy":"product_tag","embeddable":true,"href":"https:\/\/helloguangxi.com\/index.php\/wp-json\/wp\/v2\/product_tag?post=572"}],"curies":[{"name":"wp","href":"https:\/\/api.w.org\/{rel}","templated":true}]}}