{"id":99,"date":"2024-06-17T00:12:43","date_gmt":"2024-06-16T22:12:43","guid":{"rendered":"https:\/\/helloguangxi.com\/?page_id=99"},"modified":"2025-02-04T14:59:47","modified_gmt":"2025-02-04T13:59:47","slug":"les-minorites","status":"publish","type":"page","link":"https:\/\/helloguangxi.com\/index.php\/les-minorites\/","title":{"rendered":"Les minorit\u00e9s ethniques"},"content":{"rendered":"<div class=\"wp-block-cover alignfull is-light\" style=\"margin-top:0;margin-bottom:0;padding-right:20px;padding-bottom:50px;padding-left:20px;min-height:440px;aspect-ratio:unset;\"><span aria-hidden=\"true\" class=\"wp-block-cover__background has-background-dim-20 has-background-dim\" style=\"background-color:#FFF\"><\/span><img loading=\"lazy\" decoding=\"async\" width=\"1280\" height=\"844\" class=\"wp-block-cover__image-background wp-image-797\" alt=\"\" src=\"http:\/\/helloguangxi.com\/wp-content\/uploads\/2024\/11\/WechatIMG132-1.jpeg\" data-object-fit=\"cover\" srcset=\"https:\/\/helloguangxi.com\/wp-content\/uploads\/2024\/11\/WechatIMG132-1.jpeg 1280w, https:\/\/helloguangxi.com\/wp-content\/uploads\/2024\/11\/WechatIMG132-1-300x198.jpeg 300w, https:\/\/helloguangxi.com\/wp-content\/uploads\/2024\/11\/WechatIMG132-1-1024x675.jpeg 1024w, https:\/\/helloguangxi.com\/wp-content\/uploads\/2024\/11\/WechatIMG132-1-768x506.jpeg 768w, https:\/\/helloguangxi.com\/wp-content\/uploads\/2024\/11\/WechatIMG132-1-600x396.jpeg 600w\" sizes=\"auto, (max-width: 1280px) 100vw, 1280px\" \/><div class=\"wp-block-cover__inner-container has-global-padding is-layout-constrained wp-container-core-cover-is-layout-d3a6b173 wp-block-cover-is-layout-constrained\"><p><\/p><\/div><\/div><div class=\"wp-block-group alignfull has-background has-global-padding is-layout-constrained wp-container-core-group-is-layout-6e824401 wp-block-group-is-layout-constrained\" style=\"background-color:#e0e0da;margin-top:0;margin-bottom:0\"><div class=\"wp-block-columns has-background is-layout-flex wp-container-core-columns-is-layout-bb8eb260 wp-block-columns-is-layout-flex\" style=\"background-color:#e0e0da;padding-top:70px;padding-right:20px;padding-bottom:70px;padding-left:20px\"><div class=\"wp-block-column is-layout-flow wp-container-core-column-is-layout-fe0e2ea3 wp-block-column-is-layout-flow\"><h3 class=\"wp-block-heading has-text-color\" style=\"color:#000000;font-size:clamp(16.293px, 1.018rem + ((1vw - 3.2px) * 0.989), 25px);font-style:normal;font-weight:600\"><strong>Patrimoine culturel immat\u00e9riel <\/strong><\/h3>\n\n<p>Un tr\u00e9sor immat\u00e9riel portant la m\u00e9moire et la sagesse d\u2019un peuple, transmis de g\u00e9n\u00e9ration en g\u00e9n\u00e9ration, refl\u00e9tant un charme culturel unique.<\/p><\/div>\n\n<div class=\"wp-block-column is-layout-flow wp-container-core-column-is-layout-fe0e2ea3 wp-block-column-is-layout-flow\"><h3 class=\"wp-block-heading has-text-color\" style=\"color:#000000;font-size:clamp(16.293px, 1.018rem + ((1vw - 3.2px) * 0.989), 25px);font-style:normal;font-weight:600\">Art et musique des minorit\u00e9s ethniques<\/h3>\n\n<p class=\"has-text-color\" style=\"color:#000000;font-size:clamp(14px, 0.875rem + ((1vw - 3.2px) * 0.227), 16px);\">Leur style ethnique unique et leurs formes d&#8217;expression riches sont c\u00e9l\u00e8bres, int\u00e9grant l&#8217;adoration de la nature, les \u00e9motions de la vie et la culture historique, d\u00e9montrant les profondes traditions musicales et le charme artistique des diff\u00e9rentes ethnies.<\/p><\/div>\n\n<div class=\"wp-block-column is-layout-flow wp-container-core-column-is-layout-fe0e2ea3 wp-block-column-is-layout-flow\"><h3 class=\"wp-block-heading has-text-color\" style=\"color:#000000;font-size:clamp(16.293px, 1.018rem + ((1vw - 3.2px) * 0.989), 25px);font-style:normal;font-weight:600\">Style architectural unique<\/h3>\n\n<p class=\"has-text-color\" style=\"color:#000000;font-size:clamp(14px, 0.875rem + ((1vw - 3.2px) * 0.227), 16px);\">Int\u00e9grant l\u2019environnement naturel et les traditions ethniques, il allie fonctionnalit\u00e9 et charme artistique unique..<\/p><\/div><\/div><\/div><div class=\"wp-block-group alignwide has-global-padding is-layout-constrained wp-container-core-group-is-layout-eed1bd90 wp-block-group-is-layout-constrained\" style=\"margin-top:0;margin-bottom:0;padding-top:100px;padding-bottom:50px\"><div class=\"wp-block-columns is-layout-flex wp-container-core-columns-is-layout-9b24e0e0 wp-block-columns-is-layout-flex\"><div class=\"wp-block-column is-vertically-aligned-center is-layout-flow wp-block-column-is-layout-flow\"><p><\/p>\n\n<h3 class=\"wp-block-heading has-text-color\" style=\"color:#000000;font-size:clamp(21.536px, 1.346rem + ((1vw - 3.2px) * 1.53), 35px);font-style:normal;font-weight:600\"><bdo dir=\"ltr\" lang=\"\">Les minorit\u00e9s ethniques<\/bdo><\/h3>\n\n<p>La R\u00e9gion autonome Zhuang du Guangxi est la seule r\u00e9gion autonome ethnique en Chine et compte\u00a0<strong>12 minorit\u00e9s ethniques<\/strong>, ce qui en fait l&#8217;une des provinces avec la plus grande diversit\u00e9 ethnique du pays. Les populations minoritaires repr\u00e9sentent plus d&#8217;un\u00a0<strong>tiers<\/strong>\u00a0de la population totale. <\/p>\n\n<p>Voici les principales minorit\u00e9s ethniques du Guangxi : <a href=\"https:\/\/helloguangxi.com\/index.php\/2024\/06\/16\/zhuang\/\" data-type=\"post\" data-id=\"86\">Zhuang<\/a>, Yao, Miao, <a href=\"https:\/\/helloguangxi.com\/?page_id=891\" data-type=\"page\" data-id=\"891\">Dong<\/a>, Mulao, Maonan, Jing, Shui, Yi&#8230;<\/p>\n\n<p>Chaque ethnie poss\u00e8de une langue, des coutumes, des f\u00eates et des savoir-faire traditionnels uniques, formant une culture riche et diversifi\u00e9e. L\u2019architecture, les v\u00eatements, la gastronomie et le patrimoine immat\u00e9riel des minorit\u00e9s ethniques se distinguent par leur charme, comme les maisons sur pilotis, la broderie, le th\u00e9 \u00e0 l\u2019huile et le chant polyphonique des Dong. Les minorit\u00e9s ethniques du Guangxi vivent en harmonie avec la nature, c\u00e9l\u00e9brant leurs festivit\u00e9s avec \u00e9clat, refl\u00e9tant ainsi une culture plurielle et int\u00e9gr\u00e9e.<\/p>\n\n<div class=\"wp-block-group alignwide has-global-padding is-layout-constrained wp-container-core-group-is-layout-9273f8d9 wp-block-group-is-layout-constrained\" style=\"margin-top:0;margin-bottom:0;padding-top:50px;padding-bottom:100px\"><div class=\"wp-block-columns is-layout-flex wp-container-core-columns-is-layout-9b24e0e0 wp-block-columns-is-layout-flex\"><div class=\"wp-block-column is-layout-flow wp-block-column-is-layout-flow\"><figure class=\"wp-block-gallery has-nested-images columns-default is-cropped wp-block-gallery-1 is-layout-flex wp-block-gallery-is-layout-flex\"><figure class=\"wp-block-image size-full\"><img loading=\"lazy\" decoding=\"async\" width=\"1620\" height=\"1080\" data-id=\"862\" src=\"http:\/\/helloguangxi.com\/wp-content\/uploads\/2025\/02\/mmexport1734191135438.jpg\" alt=\"\" class=\"wp-image-862\" srcset=\"https:\/\/helloguangxi.com\/wp-content\/uploads\/2025\/02\/mmexport1734191135438.jpg 1620w, https:\/\/helloguangxi.com\/wp-content\/uploads\/2025\/02\/mmexport1734191135438-300x200.jpg 300w, https:\/\/helloguangxi.com\/wp-content\/uploads\/2025\/02\/mmexport1734191135438-1024x683.jpg 1024w, https:\/\/helloguangxi.com\/wp-content\/uploads\/2025\/02\/mmexport1734191135438-768x512.jpg 768w, https:\/\/helloguangxi.com\/wp-content\/uploads\/2025\/02\/mmexport1734191135438-1536x1024.jpg 1536w, https:\/\/helloguangxi.com\/wp-content\/uploads\/2025\/02\/mmexport1734191135438-600x400.jpg 600w\" sizes=\"auto, (max-width: 1620px) 100vw, 1620px\" \/><\/figure><\/figure><\/div>\n\n<div class=\"wp-block-column is-vertically-aligned-center is-layout-flow wp-block-column-is-layout-flow\"><h3 class=\"wp-block-heading has-text-color\" style=\"color:#000000;font-size:clamp(21.536px, 1.346rem + ((1vw - 3.2px) * 1.53), 35px);font-style:normal;font-weight:600\"><strong>Patrimoine culturel immat\u00e9riel <\/strong><\/h3>\n\n<p class=\"has-text-color\" style=\"color:#000000;font-size:clamp(14px, 0.875rem + ((1vw - 3.2px) * 0.227), 16px);\">Un tr\u00e9sor immat\u00e9riel portant la m\u00e9moire et la sagesse d\u2019un peuple, transmis de g\u00e9n\u00e9ration en g\u00e9n\u00e9ration, refl\u00e9tant un charme culturel unique.<\/p>\n\n<div class=\"wp-block-buttons is-layout-flex wp-block-buttons-is-layout-flex\"><div class=\"wp-block-button has-custom-font-size\" style=\"font-size:clamp(14px, 0.875rem + ((1vw - 3.2px) * 0.227), 16px);\"><a class=\"wp-block-button__link has-text-color has-background wp-element-button\" style=\"border-style:none;border-width:0px;border-radius:0px;color:#ffffff;background-color:#253550;padding-top:19px;padding-right:50px;padding-bottom:19px;padding-left:50px\">Take Action<\/a><\/div><\/div><\/div><\/div><\/div>\n\n<div class=\"wp-block-group alignwide has-global-padding is-layout-constrained wp-container-core-group-is-layout-9273f8d9 wp-block-group-is-layout-constrained\" style=\"margin-top:0;margin-bottom:0;padding-top:50px;padding-bottom:100px\"><div class=\"wp-block-columns is-layout-flex wp-container-core-columns-is-layout-9b24e0e0 wp-block-columns-is-layout-flex\"><div class=\"wp-block-column is-layout-flow wp-block-column-is-layout-flow\"><figure class=\"wp-block-gallery has-nested-images columns-default is-cropped wp-block-gallery-2 is-layout-flex wp-block-gallery-is-layout-flex\"><figure class=\"wp-block-image size-full\"><img loading=\"lazy\" decoding=\"async\" width=\"1280\" height=\"844\" data-id=\"797\" src=\"http:\/\/helloguangxi.com\/wp-content\/uploads\/2024\/11\/WechatIMG132-1.jpeg\" alt=\"\" class=\"wp-image-797\" srcset=\"https:\/\/helloguangxi.com\/wp-content\/uploads\/2024\/11\/WechatIMG132-1.jpeg 1280w, https:\/\/helloguangxi.com\/wp-content\/uploads\/2024\/11\/WechatIMG132-1-300x198.jpeg 300w, https:\/\/helloguangxi.com\/wp-content\/uploads\/2024\/11\/WechatIMG132-1-1024x675.jpeg 1024w, https:\/\/helloguangxi.com\/wp-content\/uploads\/2024\/11\/WechatIMG132-1-768x506.jpeg 768w, https:\/\/helloguangxi.com\/wp-content\/uploads\/2024\/11\/WechatIMG132-1-600x396.jpeg 600w\" sizes=\"auto, (max-width: 1280px) 100vw, 1280px\" \/><\/figure><\/figure><\/div>\n\n<div class=\"wp-block-column is-vertically-aligned-center is-layout-flow wp-block-column-is-layout-flow\"><h3 class=\"wp-block-heading has-text-color\" style=\"color:#000000;font-size:clamp(21.536px, 1.346rem + ((1vw - 3.2px) * 1.53), 35px);font-style:normal;font-weight:600\"><strong>Art et musique des minorit\u00e9s ethniques<\/strong><\/h3>\n\n<p class=\"has-text-color\" style=\"color:#000000;font-size:clamp(14px, 0.875rem + ((1vw - 3.2px) * 0.227), 16px);\">Leur style ethnique unique et leurs formes d&#8217;expression riches sont c\u00e9l\u00e8bres, int\u00e9grant l&#8217;adoration de la nature, les \u00e9motions de la vie et la culture historique, d\u00e9montrant les profondes traditions musicales et le charme artistique des diff\u00e9rentes ethnies.<\/p>\n\n<div class=\"wp-block-buttons is-layout-flex wp-block-buttons-is-layout-flex\"><div class=\"wp-block-button has-custom-font-size\" style=\"font-size:clamp(14px, 0.875rem + ((1vw - 3.2px) * 0.227), 16px);\"><a class=\"wp-block-button__link has-text-color has-background wp-element-button\" style=\"border-style:none;border-width:0px;border-radius:0px;color:#ffffff;background-color:#253550;padding-top:19px;padding-right:50px;padding-bottom:19px;padding-left:50px\">Take Action<\/a><\/div><\/div><\/div><\/div><\/div><\/div><\/div><\/div><div class=\"wp-block-group alignwide has-global-padding is-layout-constrained wp-container-core-group-is-layout-9273f8d9 wp-block-group-is-layout-constrained\" style=\"margin-top:0;margin-bottom:0;padding-top:50px;padding-bottom:100px\"><div class=\"wp-block-columns is-layout-flex wp-container-core-columns-is-layout-9b24e0e0 wp-block-columns-is-layout-flex\"><div class=\"wp-block-column is-layout-flow wp-block-column-is-layout-flow\"><figure class=\"wp-block-gallery has-nested-images columns-default is-cropped wp-block-gallery-3 is-layout-flex wp-block-gallery-is-layout-flex\"><figure class=\"wp-block-image size-full\"><img loading=\"lazy\" decoding=\"async\" width=\"1618\" height=\"1080\" data-id=\"800\" src=\"http:\/\/helloguangxi.com\/wp-content\/uploads\/2024\/11\/WechatIMG135-2.jpeg\" alt=\"\" class=\"wp-image-800\" srcset=\"https:\/\/helloguangxi.com\/wp-content\/uploads\/2024\/11\/WechatIMG135-2.jpeg 1618w, https:\/\/helloguangxi.com\/wp-content\/uploads\/2024\/11\/WechatIMG135-2-300x200.jpeg 300w, https:\/\/helloguangxi.com\/wp-content\/uploads\/2024\/11\/WechatIMG135-2-1024x684.jpeg 1024w, https:\/\/helloguangxi.com\/wp-content\/uploads\/2024\/11\/WechatIMG135-2-768x513.jpeg 768w, https:\/\/helloguangxi.com\/wp-content\/uploads\/2024\/11\/WechatIMG135-2-1536x1025.jpeg 1536w, https:\/\/helloguangxi.com\/wp-content\/uploads\/2024\/11\/WechatIMG135-2-600x400.jpeg 600w\" sizes=\"auto, (max-width: 1618px) 100vw, 1618px\" \/><\/figure><\/figure><\/div>\n\n<div class=\"wp-block-column is-vertically-aligned-center is-layout-flow wp-block-column-is-layout-flow\"><h3 class=\"wp-block-heading has-text-color\" style=\"color:#000000;font-size:clamp(21.536px, 1.346rem + ((1vw - 3.2px) * 1.53), 35px);font-style:normal;font-weight:600\"><strong>Style architectural unique <\/strong><\/h3>\n\n<p class=\"has-text-color\" style=\"color:#000000;font-size:clamp(14px, 0.875rem + ((1vw - 3.2px) * 0.227), 16px);\">Int\u00e9grant l\u2019environnement naturel et les traditions ethniques, il allie fonctionnalit\u00e9 et charme artistique unique..<\/p>\n\n<div class=\"wp-block-buttons is-layout-flex wp-block-buttons-is-layout-flex\"><div class=\"wp-block-button has-custom-font-size\" style=\"font-size:clamp(14px, 0.875rem + ((1vw - 3.2px) * 0.227), 16px);\"><a class=\"wp-block-button__link has-text-color has-background wp-element-button\" style=\"border-style:none;border-width:0px;border-radius:0px;color:#ffffff;background-color:#253550;padding-top:19px;padding-right:50px;padding-bottom:19px;padding-left:50px\">Take Action<\/a><\/div><\/div><\/div><\/div><\/div>","protected":false},"excerpt":{"rendered":"<p>Patrimoine culturel immat\u00e9riel Un tr\u00e9sor immat\u00e9riel portant la m\u00e9moire et la sagesse d\u2019un peuple, transmis de g\u00e9n\u00e9ration en g\u00e9n\u00e9ration, refl\u00e9tant un charme culturel unique. Art et musique des minorit\u00e9s ethniques Leur style ethnique unique et leurs formes d&#8217;expression riches sont c\u00e9l\u00e8bres, int\u00e9grant l&#8217;adoration de la nature, les \u00e9motions de la vie et la culture historique, [&hellip;]<\/p>\n","protected":false},"author":1,"featured_media":0,"parent":0,"menu_order":0,"comment_status":"closed","ping_status":"closed","template":"","meta":{"footnotes":""},"class_list":["post-99","page","type-page","status-publish","hentry"],"_links":{"self":[{"href":"https:\/\/helloguangxi.com\/index.php\/wp-json\/wp\/v2\/pages\/99","targetHints":{"allow":["GET"]}}],"collection":[{"href":"https:\/\/helloguangxi.com\/index.php\/wp-json\/wp\/v2\/pages"}],"about":[{"href":"https:\/\/helloguangxi.com\/index.php\/wp-json\/wp\/v2\/types\/page"}],"author":[{"embeddable":true,"href":"https:\/\/helloguangxi.com\/index.php\/wp-json\/wp\/v2\/users\/1"}],"replies":[{"embeddable":true,"href":"https:\/\/helloguangxi.com\/index.php\/wp-json\/wp\/v2\/comments?post=99"}],"version-history":[{"count":24,"href":"https:\/\/helloguangxi.com\/index.php\/wp-json\/wp\/v2\/pages\/99\/revisions"}],"predecessor-version":[{"id":894,"href":"https:\/\/helloguangxi.com\/index.php\/wp-json\/wp\/v2\/pages\/99\/revisions\/894"}],"wp:attachment":[{"href":"https:\/\/helloguangxi.com\/index.php\/wp-json\/wp\/v2\/media?parent=99"}],"curies":[{"name":"wp","href":"https:\/\/api.w.org\/{rel}","templated":true}]}}