{"id":936,"date":"2025-05-24T11:16:05","date_gmt":"2025-05-24T09:16:05","guid":{"rendered":"https:\/\/helloguangxi.com\/?page_id=936"},"modified":"2025-05-24T11:16:05","modified_gmt":"2025-05-24T09:16:05","slug":"circuit-a-guangxi","status":"publish","type":"page","link":"https:\/\/helloguangxi.com\/index.php\/circuit-a-guangxi\/","title":{"rendered":"Circuit \u00e0 Guangxi"},"content":{"rendered":"<p class=\"has-text-color\" style=\"color:#000000;font-size:clamp(21.536px, 1.346rem + ((1vw - 3.2px) * 1.53), 35px);font-style:normal;font-weight:600\">Circuit \u00e0 Guangxi en petit groupe<\/p><p><\/p><hr class=\"wp-block-separator has-alpha-channel-opacity\"\/><h5 class=\"wp-block-heading\">\ud83d\udd39 <strong>Jour 1 : Arriv\u00e9e \u00e0 Guilin \u2013 transfert \u00e0 Yangshuo (75 km \/ 1,5 h)<\/strong><\/h5><p><strong>Exp\u00e9rience principale :<\/strong> D\u00e9couverte des paysages montagneux de la r\u00e9gion du Guangxi.<\/p><ul class=\"wp-block-list\"><li>Vol international, puis vol interne arriv\u00e9 \u00e0 Guilin et transfert priv\u00e9 vers Yangshuo.<\/li>\n\n<li>Installation \u00e0 l\u2019h\u00f4tel pr\u00e8s de la rivi\u00e8re Yulong.<\/li>\n\n<li>D\u00eener avec d\u00e9gustation d&#8217;une des sp\u00e9cialit\u00e9s culinaires locales : poisson \u00e0 la bi\u00e8re de Yangshuo.<\/li>\n\n<li>Balade nocturne dans la rue de l\u2019Ouest (Xijie)<\/li><\/ul><hr class=\"wp-block-separator has-alpha-channel-opacity\"\/><h5 class=\"wp-block-heading\">\ud83d\udd39 <strong>Jour 2 : Yangshuo<\/strong><\/h5><p><strong>Exp\u00e9rience principale :<\/strong> Exploration des paysages typiques du Guangxi.<\/p><ul class=\"wp-block-list\"><li>Visite du vieux village de Xingping.<\/li>\n\n<li>Apr\u00e8s-midi : balade en radeau de bambou sur la rivi\u00e8re Yulong.<\/li>\n\n<li>En soir\u00e9e : spectacle en plein air <strong>&#8220;Impression Liu Sanjie&#8221;<\/strong> (mise en sc\u00e8ne sur l\u2019eau).<\/li><\/ul><hr class=\"wp-block-separator has-alpha-channel-opacity\"\/><h5 class=\"wp-block-heading\">\ud83d\udd39 <strong>Jour 3 : Yangshuo \u2013 Longji \u2013 Sanjiang<\/strong><\/h5><p><strong>Exp\u00e9rience principale :<\/strong> Immersion dans la culture agricole et minoritaire.<\/p><ul class=\"wp-block-list\"><li>D\u00e9part matinal pour visiter les rizi\u00e8res en terrasse de Longji.<\/li>\n\n<li>Apr\u00e8s-midi : transfert vers Sanjiang, territoire du peuple Dong.<\/li>\n\n<li>D\u00eener typique ou &#8220;banquet des 100 familles&#8221;.<\/li>\n\n<li>Spectacle folklorique avec danses autour du feu (si disponible).<\/li>\n\n<li>Nuit dans une auberge traditionnelle \u00e0 l\u2019int\u00e9rieur du village de Chengyang.<\/li><\/ul><hr class=\"wp-block-separator has-alpha-channel-opacity\"\/><h5 class=\"wp-block-heading\">\ud83d\udd39 <strong>Jour 4 : Sanjiang \u2013 Nanning<\/strong><\/h5><p><strong>Exp\u00e9rience principale :<\/strong> D\u00e9couverte des traditions Dong.<\/p><ul class=\"wp-block-list\"><li>Matin\u00e9e : visite libre du village et des architectures en bois.<\/li>\n\n<li>Activit\u00e9 artisanale (peinture, tissage, teinture).<\/li>\n\n<li>Apr\u00e8s-midi : visite de ponts et tours typiques de la r\u00e9gion.<\/li>\n\n<li>Train rapide vers Nanning.<\/li>\n\n<li>D\u00eener libre dans une rue gastronomique locale.<\/li><\/ul><hr class=\"wp-block-separator has-alpha-channel-opacity\"\/><h5 class=\"wp-block-heading\">\ud83d\udd39 <strong>Jour 5 : Nanning \u2013 Daxin<\/strong> <strong>(250 km \/ 3h)<\/strong><\/h5><p><strong>Exp\u00e9rience principale :<\/strong> Exploration de paysages frontaliers uniques.<\/p><ul class=\"wp-block-list\"><li>Route vers la fronti\u00e8re sino-vietnamienne.<\/li>\n\n<li>Installation dans un resort avec vue sur la cascade Detian.<\/li>\n\n<li>Visite du <strong>site frontalier Detian<\/strong>, balade en radeau, caf\u00e9 vietnamien.<\/li><\/ul><hr class=\"wp-block-separator has-alpha-channel-opacity\"\/><h5 class=\"wp-block-heading\">\ud83d\udd39 <strong>Jour 6 : Daxin<\/strong><\/h5><p><strong>Exp\u00e9rience principale :<\/strong> Nature spectaculaire &amp; campagne traditionnelle.<\/p><ul class=\"wp-block-list\"><li>Randonn\u00e9e dans les gorges de Tongling.<\/li>\n\n<li>Transfert vers la campagne de <strong>Mingshi Tianyuan<\/strong>.<\/li>\n\n<li>Balade \u00e0 v\u00e9lo au milieu des rizi\u00e8res.<\/li>\n\n<li>Soir\u00e9e BBQ en plein air.<\/li><\/ul><hr class=\"wp-block-separator has-alpha-channel-opacity\"\/><h5 class=\"wp-block-heading\">\ud83d\udd39 <strong>Jour 7 : Daxin \u2013 Nanning a\u00e9roport<\/strong> <strong>(250 km \/ 3h)<\/strong><\/h5><p><strong>Exp\u00e9rience principale :<\/strong> Fin de s\u00e9jour et transfert.<\/p><ul class=\"wp-block-list\"><li>Route retour vers l\u2019a\u00e9roport de Nanning, vol interne vers la ville de d\u00e9part du vol international.<\/li><\/ul><hr class=\"wp-block-separator has-alpha-channel-opacity\"\/><p>Services inclus : <\/p><ul class=\"wp-block-list\"><li>R\u00e9servation de vols internationaux et vols internes<\/li>\n\n<li>Transport routier pendant le s\u00e9jour \u00e0 Guangxi<\/li>\n\n<li>H\u00e9bergement et repas <\/li>\n\n<li>Billets d&#8217;entr\u00e9e des sites, des spectacles et des activit\u00e9s propos\u00e9s dans ce circuit<\/li><\/ul><p><\/p><p>Int\u00e9ress\u00e9 de notre charmant s\u00e9jour \u00e0 Guangxi? Contactez nous par mail \u00e0 contact@helloguangxi.com pour avoir plus d&#8217;information sur le s\u00e9jour, le tarif et toutes d&#8217;autres informations. <\/p>","protected":false},"excerpt":{"rendered":"<p>Circuit \u00e0 Guangxi en petit groupe \ud83d\udd39 Jour 1 : Arriv\u00e9e \u00e0 Guilin \u2013 transfert \u00e0 Yangshuo (75 km \/ 1,5 h) Exp\u00e9rience principale : D\u00e9couverte des paysages montagneux de la r\u00e9gion du Guangxi. \ud83d\udd39 Jour 2 : Yangshuo Exp\u00e9rience principale : Exploration des paysages typiques du Guangxi. \ud83d\udd39 Jour 3 : Yangshuo \u2013 Longji [&hellip;]<\/p>\n","protected":false},"author":3,"featured_media":0,"parent":0,"menu_order":0,"comment_status":"closed","ping_status":"closed","template":"","meta":{"footnotes":""},"class_list":["post-936","page","type-page","status-publish","hentry"],"_links":{"self":[{"href":"https:\/\/helloguangxi.com\/index.php\/wp-json\/wp\/v2\/pages\/936","targetHints":{"allow":["GET"]}}],"collection":[{"href":"https:\/\/helloguangxi.com\/index.php\/wp-json\/wp\/v2\/pages"}],"about":[{"href":"https:\/\/helloguangxi.com\/index.php\/wp-json\/wp\/v2\/types\/page"}],"author":[{"embeddable":true,"href":"https:\/\/helloguangxi.com\/index.php\/wp-json\/wp\/v2\/users\/3"}],"replies":[{"embeddable":true,"href":"https:\/\/helloguangxi.com\/index.php\/wp-json\/wp\/v2\/comments?post=936"}],"version-history":[{"count":2,"href":"https:\/\/helloguangxi.com\/index.php\/wp-json\/wp\/v2\/pages\/936\/revisions"}],"predecessor-version":[{"id":938,"href":"https:\/\/helloguangxi.com\/index.php\/wp-json\/wp\/v2\/pages\/936\/revisions\/938"}],"wp:attachment":[{"href":"https:\/\/helloguangxi.com\/index.php\/wp-json\/wp\/v2\/media?parent=936"}],"curies":[{"name":"wp","href":"https:\/\/api.w.org\/{rel}","templated":true}]}}