{"id":63,"date":"2024-05-26T23:21:32","date_gmt":"2024-05-26T21:21:32","guid":{"rendered":"https:\/\/helloguangxi.com\/?page_id=63"},"modified":"2024-09-29T04:31:14","modified_gmt":"2024-09-29T02:31:14","slug":"histoire-geographie","status":"publish","type":"page","link":"https:\/\/helloguangxi.com\/index.php\/histoire-geographie\/","title":{"rendered":"G\u00e9ographie du Guangxi"},"content":{"rendered":"<div class=\"wp-block-group alignfull has-background has-global-padding is-layout-constrained wp-container-core-group-is-layout-6e824401 wp-block-group-is-layout-constrained\" style=\"background-color:#e0e0da;margin-top:0;margin-bottom:0\"><div class=\"wp-block-columns has-background is-layout-flex wp-container-core-columns-is-layout-bb8eb260 wp-block-columns-is-layout-flex\" style=\"background-color:#e0e0da;padding-top:70px;padding-right:20px;padding-bottom:70px;padding-left:20px\"><div class=\"wp-block-column is-layout-flow wp-container-core-column-is-layout-fe0e2ea3 wp-block-column-is-layout-flow\"><h3 class=\"wp-block-heading has-text-color\" style=\"color:#000000;font-size:clamp(16.293px, 1.018rem + ((1vw - 3.2px) * 0.989), 25px);font-style:normal;font-weight:600\">Des paysages \u00e0 couper le souffle <\/h3>\n\n<p class=\"has-text-color\" style=\"color:#000000;font-size:clamp(14px, 0.875rem + ((1vw - 3.2px) * 0.227), 16px);\">Situ\u00e9 \u00e0 la fronti\u00e8re nord-est du Vietnam, le Guangxi est r\u00e9put\u00e9 pour ses magnifiques paysages de montagnes luxuriantes en forme de &#8220;pain de sucre&#8221;, bord\u00e9es de rivi\u00e8res.<\/p><\/div><\/div><\/div><div class=\"wp-block-group alignwide has-global-padding is-layout-constrained wp-container-core-group-is-layout-eed1bd90 wp-block-group-is-layout-constrained\" style=\"margin-top:0;margin-bottom:0;padding-top:100px;padding-bottom:50px\"><div class=\"wp-block-columns is-layout-flex wp-container-core-columns-is-layout-9b24e0e0 wp-block-columns-is-layout-flex\"><div class=\"wp-block-column is-vertically-aligned-center is-layout-flow wp-block-column-is-layout-flow\"><p>Le Guangxi se situe \u00e0 l\u2019extr\u00e9mit\u00e9 sud de la Chine, \u00e0 la fronti\u00e8re du nord-est du Vietnam, bord\u00e9 par les provinces chinoises du Yunnan, du Guizhou, du Hunan et du Guangdong. Elle est la seule r\u00e9gion de l&#8217;ouest de Chine, qui poss\u00e8de une c\u00f4te littorale, \u00e9tendue sur environ 1 800 km, la baie de Beibu (ou Golf de Tonkin).<\/p>\n\n<p><strong>Le Guangxi est une des cinq r\u00e9gions autonomes de la Chine<\/strong>. Nanning en est la capitale et le centre \u00e9conomique et politique. <br><br>Le Guangxi a 20 millions d\u2019habitants minoritaires, soit 42,5% de la population de la r\u00e9gion. Plus de 10 ethnies vivent dans la r\u00e9gion. Chaque ethnie a sa propre langue et culture. On peut entendre parler cantonais pr\u00e8s de la fronti\u00e8re commune avec le Guangdong, vietnamien sur la c\u00f4te sud-ouest et des langues des groupes minoritaires comme le zhuang, le yi, le miao, etc.\u00a0<\/p>\n\n<p class=\"has-text-color\" style=\"color:#000000;font-size:clamp(14px, 0.875rem + ((1vw - 3.2px) * 0.227), 16px);\"><strong>Les villes de Guangxi: <\/strong><\/p>\n\n<p class=\"has-text-color\" style=\"color:#000000;font-size:clamp(14px, 0.875rem + ((1vw - 3.2px) * 0.455), 18px);\">Les 3 grandes villes principales sont Nanning, Liuzhou et Guilin<\/p>\n\n<p>Les 5 villes moyenne du Guangxi\u00a0sont Beihai, Yulin, Guigang, Wuzhou, Qingzhou<\/p>\n\n<p>Les 15 petite villes  de Guangxi: Hechi, Baise, Laibing&#8230;<\/p>\n\n<p><strong>La r\u00e9gion dispose d&#8217;un climat subtropical <\/strong>: l&#8217;\u00e9t\u00e9 est chaud et humide et l&#8217;hiver est doux et sec. La temp\u00e9rature annuelle moyenne est entre 17\u00b0C et 23\u00b0C. La saison de pluie est observ\u00e9e entre avril et septembre.&nbsp;<\/p><\/div>\n\n<div class=\"wp-block-column is-layout-flow wp-block-column-is-layout-flow\"><figure class=\"wp-block-image size-full\"><img loading=\"lazy\" decoding=\"async\" width=\"527\" height=\"353\" src=\"https:\/\/helloguangxi.com\/wp-content\/uploads\/2024\/06\/DITU-2.jpeg\" alt=\"\" class=\"wp-image-163\" srcset=\"https:\/\/helloguangxi.com\/wp-content\/uploads\/2024\/06\/DITU-2.jpeg 527w, https:\/\/helloguangxi.com\/wp-content\/uploads\/2024\/06\/DITU-2-300x201.jpeg 300w\" sizes=\"auto, (max-width: 527px) 100vw, 527px\" \/><\/figure>\n\n<h1 class=\"wp-block-heading has-text-color\" style=\"color:#000000;font-size:clamp(21.536px, 1.346rem + ((1vw - 3.2px) * 1.53), 35px);font-style:normal;font-weight:600\">Nom : Guangxi (<em>\u5e7f\u897f<\/em>\u00a0)<\/h1>\n\n<h1 class=\"wp-block-heading has-text-color\" style=\"color:#000000;font-size:clamp(21.536px, 1.346rem + ((1vw - 3.2px) * 1.53), 35px);font-style:normal;font-weight:600\">Statut&nbsp;: R\u00e9gion autonome<\/h1>\n\n<h1 class=\"wp-block-heading has-text-color\" style=\"color:#000000;font-size:clamp(21.536px, 1.346rem + ((1vw - 3.2px) * 1.53), 35px);font-style:normal;font-weight:600\">Capitale&nbsp;: Nanning<\/h1>\n\n<h1 class=\"wp-block-heading has-text-color\" style=\"color:#000000;font-size:clamp(21.536px, 1.346rem + ((1vw - 3.2px) * 1.53), 35px);font-style:normal;font-weight:600\">Population\u00a0: 50 millions<\/h1>\n\n<h1 class=\"wp-block-heading has-text-color\" style=\"color:#000000;font-size:clamp(21.536px, 1.346rem + ((1vw - 3.2px) * 1.53), 35px);font-style:normal;font-weight:600\">Superficie&nbsp;: 236 700km\u00b2<\/h1><\/div><\/div><\/div>","protected":false},"excerpt":{"rendered":"<p>Des paysages \u00e0 couper le souffle Situ\u00e9 \u00e0 la fronti\u00e8re nord-est du Vietnam, le Guangxi est r\u00e9put\u00e9 pour ses magnifiques paysages de montagnes luxuriantes en forme de &#8220;pain de sucre&#8221;, bord\u00e9es de rivi\u00e8res. Le Guangxi se situe \u00e0 l\u2019extr\u00e9mit\u00e9 sud de la Chine, \u00e0 la fronti\u00e8re du nord-est du Vietnam, bord\u00e9 par les provinces chinoises [&hellip;]<\/p>\n","protected":false},"author":1,"featured_media":0,"parent":0,"menu_order":0,"comment_status":"closed","ping_status":"closed","template":"","meta":{"footnotes":""},"class_list":["post-63","page","type-page","status-publish","hentry"],"_links":{"self":[{"href":"https:\/\/helloguangxi.com\/index.php\/wp-json\/wp\/v2\/pages\/63","targetHints":{"allow":["GET"]}}],"collection":[{"href":"https:\/\/helloguangxi.com\/index.php\/wp-json\/wp\/v2\/pages"}],"about":[{"href":"https:\/\/helloguangxi.com\/index.php\/wp-json\/wp\/v2\/types\/page"}],"author":[{"embeddable":true,"href":"https:\/\/helloguangxi.com\/index.php\/wp-json\/wp\/v2\/users\/1"}],"replies":[{"embeddable":true,"href":"https:\/\/helloguangxi.com\/index.php\/wp-json\/wp\/v2\/comments?post=63"}],"version-history":[{"count":21,"href":"https:\/\/helloguangxi.com\/index.php\/wp-json\/wp\/v2\/pages\/63\/revisions"}],"predecessor-version":[{"id":552,"href":"https:\/\/helloguangxi.com\/index.php\/wp-json\/wp\/v2\/pages\/63\/revisions\/552"}],"wp:attachment":[{"href":"https:\/\/helloguangxi.com\/index.php\/wp-json\/wp\/v2\/media?parent=63"}],"curies":[{"name":"wp","href":"https:\/\/api.w.org\/{rel}","templated":true}]}}