{"id":546,"date":"2024-09-29T04:15:58","date_gmt":"2024-09-29T02:15:58","guid":{"rendered":"https:\/\/helloguangxi.com\/?page_id=546"},"modified":"2024-09-29T04:23:43","modified_gmt":"2024-09-29T02:23:43","slug":"histoire-du-guangxi","status":"publish","type":"page","link":"https:\/\/helloguangxi.com\/index.php\/histoire-du-guangxi\/","title":{"rendered":"Histoire du Guangxi"},"content":{"rendered":"<div class=\"wp-block-group alignfull has-background has-global-padding is-layout-constrained wp-container-core-group-is-layout-6e824401 wp-block-group-is-layout-constrained\" style=\"background-color:#e0e0da;margin-top:0;margin-bottom:0\"><div class=\"wp-block-columns has-background is-layout-flex wp-container-core-columns-is-layout-bb8eb260 wp-block-columns-is-layout-flex\" style=\"background-color:#e0e0da;padding-top:70px;padding-right:20px;padding-bottom:70px;padding-left:20px\"><div class=\"wp-block-column is-layout-flow wp-container-core-column-is-layout-fe0e2ea3 wp-block-column-is-layout-flow\"><h3 class=\"wp-block-heading has-text-color\" style=\"color:#000000;font-size:clamp(16.293px, 1.018rem + ((1vw - 3.2px) * 0.989), 25px);font-style:normal;font-weight:600\">Une culture plurielle, authentique et mill\u00e9naire<\/h3>\n\n<p class=\"has-text-color\" style=\"color:#000000;font-size:clamp(14px, 0.875rem + ((1vw - 3.2px) * 0.227), 16px);\">Fa\u00e7onn\u00e9e par des mill\u00e9naires d&#8217;\u00e9changes, la r\u00e9gion autonome du Guangxi est constitu\u00e9e de plus d&#8217;une dizaine de groupes minoritaires, parmi lesquels les Zhuang, les Yao, les Miao, les Dong ou encore les Mulao.<br><br>Les langues et les traditions de ces groupes perdurent de nos jours. Plusieurs \u00e9v\u00e9nements festivals et animations touristiques permettent de les d\u00e9couvrir tout au long de l&#8217;ann\u00e9e.<\/p><\/div><\/div><\/div><div class=\"wp-block-group alignwide has-global-padding is-layout-constrained wp-container-core-group-is-layout-9273f8d9 wp-block-group-is-layout-constrained\" style=\"margin-top:0;margin-bottom:0;padding-top:50px;padding-bottom:100px\"><div class=\"wp-block-columns is-layout-flex wp-container-core-columns-is-layout-9b24e0e0 wp-block-columns-is-layout-flex\"><div class=\"wp-block-column is-vertically-aligned-center is-layout-flow wp-block-column-is-layout-flow\"><details class=\"wp-block-details is-layout-flow wp-block-details-is-layout-flow\"><summary>L\u2019origine du nom &#8220;Guangxi&#8221; remonte \u00e0 la dynastie Song.<br><br>Pendant la p\u00e9riode des Chunqiu (7e &#8211; 2e si\u00e8cle avant J.-C.), les anc\u00eatres des habitants du Guangxi ont cr\u00e9\u00e9 des peintures rupestres le long de la rivi\u00e8re Zuo.<br><br>Apr\u00e8s l&#8217;unification de Lingnan par Qin Shi Huang (le premier empereur de la dynastie Qin au 3eme si\u00e8cle avant J.-C.), cet Empereur a fait construire un canal qui relie la fleuve Yangts\u00e9 et la rivi\u00e8re Zhujiang, cela a favoris\u00e9 les \u00e9changes \u00e9conomiques et culturels entre le Guangxi et le centre de la Chine.<br><br>Sous la dynastie Han, avec des \u00e9changes commerciaux, certains villages sur la c\u00f4te sont devenus des ports de commerce maritime.<br><br>Sous les dynasties Ming et Qing, l&#8217;industrie mini\u00e8re du Guangxi s&#8217;est consid\u00e9rablement d\u00e9velopp\u00e9e, principalement dans l&#8217;extraction de l\u2019or, de l&#8217;argent, ou du cuivre. Avec une centaine de mines, le Guangxi se pla\u00e7ait alors au troisi\u00e8me rang national.<\/summary><p><\/p><\/details>\n\n<figure class=\"wp-block-image size-large\"><img loading=\"lazy\" decoding=\"async\" width=\"1024\" height=\"768\" src=\"http:\/\/helloguangxi.com\/wp-content\/uploads\/2024\/05\/giorgi-shakarashvili-u8Qrh6v30Kk-unsplash-1024x768.jpg\" alt=\"\" class=\"wp-image-35\" srcset=\"https:\/\/helloguangxi.com\/wp-content\/uploads\/2024\/05\/giorgi-shakarashvili-u8Qrh6v30Kk-unsplash-1024x768.jpg 1024w, https:\/\/helloguangxi.com\/wp-content\/uploads\/2024\/05\/giorgi-shakarashvili-u8Qrh6v30Kk-unsplash-300x225.jpg 300w, https:\/\/helloguangxi.com\/wp-content\/uploads\/2024\/05\/giorgi-shakarashvili-u8Qrh6v30Kk-unsplash-768x576.jpg 768w, https:\/\/helloguangxi.com\/wp-content\/uploads\/2024\/05\/giorgi-shakarashvili-u8Qrh6v30Kk-unsplash-1536x1152.jpg 1536w, https:\/\/helloguangxi.com\/wp-content\/uploads\/2024\/05\/giorgi-shakarashvili-u8Qrh6v30Kk-unsplash-2048x1536.jpg 2048w\" sizes=\"auto, (max-width: 1024px) 100vw, 1024px\" \/><\/figure>\n\n<details class=\"wp-block-details is-layout-flow wp-block-details-is-layout-flow\"><summary>Au cours d&#8217;une histoire complexe et passionnante, impliquant les changements des anciennes dynasties, la migration ethnique, les \u00e9changes culturels, le Guangxi a form\u00e9 une tradition culturelle unique, comprenant diverses f\u00eates traditionnelles notamment des festivals de chant\u00a0: le festival des chants du 3 mars (mois lunaire) des Zhuang, le festival Danu des Yao, le festival Caifushan et le festival Lusheng des Miao, le festival Zoupoge des Mulao, le festival Huapao des Dong, ainsi que des traditions uniques comme le festival de l&#8217;huile de th\u00e9.<br><br>Parmi ces festivit\u00e9s, le festival du 3 mars des Zhuang est le plus grandiose. En 1999, il est devenu le festival international de la chanson folklorique de Nanning, qui se tient chaque ann\u00e9e en novembre \u00e0 Nanning, attirant de nombreux amateurs de chansons folkloriques du monde entier.<\/summary><\/details><\/div><\/div><\/div>","protected":false},"excerpt":{"rendered":"<p>Une culture plurielle, authentique et mill\u00e9naire Fa\u00e7onn\u00e9e par des mill\u00e9naires d&#8217;\u00e9changes, la r\u00e9gion autonome du Guangxi est constitu\u00e9e de plus d&#8217;une dizaine de groupes minoritaires, parmi lesquels les Zhuang, les Yao, les Miao, les Dong ou encore les Mulao. Les langues et les traditions de ces groupes perdurent de nos jours. Plusieurs \u00e9v\u00e9nements festivals et [&hellip;]<\/p>\n","protected":false},"author":2,"featured_media":0,"parent":0,"menu_order":0,"comment_status":"closed","ping_status":"closed","template":"","meta":{"footnotes":""},"class_list":["post-546","page","type-page","status-publish","hentry"],"_links":{"self":[{"href":"https:\/\/helloguangxi.com\/index.php\/wp-json\/wp\/v2\/pages\/546","targetHints":{"allow":["GET"]}}],"collection":[{"href":"https:\/\/helloguangxi.com\/index.php\/wp-json\/wp\/v2\/pages"}],"about":[{"href":"https:\/\/helloguangxi.com\/index.php\/wp-json\/wp\/v2\/types\/page"}],"author":[{"embeddable":true,"href":"https:\/\/helloguangxi.com\/index.php\/wp-json\/wp\/v2\/users\/2"}],"replies":[{"embeddable":true,"href":"https:\/\/helloguangxi.com\/index.php\/wp-json\/wp\/v2\/comments?post=546"}],"version-history":[{"count":3,"href":"https:\/\/helloguangxi.com\/index.php\/wp-json\/wp\/v2\/pages\/546\/revisions"}],"predecessor-version":[{"id":549,"href":"https:\/\/helloguangxi.com\/index.php\/wp-json\/wp\/v2\/pages\/546\/revisions\/549"}],"wp:attachment":[{"href":"https:\/\/helloguangxi.com\/index.php\/wp-json\/wp\/v2\/media?parent=546"}],"curies":[{"name":"wp","href":"https:\/\/api.w.org\/{rel}","templated":true}]}}