{"id":48,"date":"2024-05-26T22:48:28","date_gmt":"2024-05-26T20:48:28","guid":{"rendered":"https:\/\/helloguangxi.com\/?page_id=48"},"modified":"2024-09-29T04:46:15","modified_gmt":"2024-09-29T02:46:15","slug":"contact","status":"publish","type":"page","link":"https:\/\/helloguangxi.com\/index.php\/contact\/","title":{"rendered":"Contact"},"content":{"rendered":"<div class=\"wp-block-cover alignfull\" style=\"margin-top:0;margin-bottom:0;min-height:600px;aspect-ratio:unset;\"><span aria-hidden=\"true\" class=\"wp-block-cover__background has-background-dim-20 has-background-dim\" style=\"background-color:#404240\"><\/span><img loading=\"lazy\" decoding=\"async\" width=\"1280\" height=\"960\" class=\"wp-block-cover__image-background wp-image-557\" alt=\"\" src=\"https:\/\/helloguangxi.com\/wp-content\/uploads\/2024\/09\/IMG_5002.jpg\" data-object-fit=\"cover\" srcset=\"https:\/\/helloguangxi.com\/wp-content\/uploads\/2024\/09\/IMG_5002.jpg 1280w, https:\/\/helloguangxi.com\/wp-content\/uploads\/2024\/09\/IMG_5002-300x225.jpg 300w, https:\/\/helloguangxi.com\/wp-content\/uploads\/2024\/09\/IMG_5002-1024x768.jpg 1024w, https:\/\/helloguangxi.com\/wp-content\/uploads\/2024\/09\/IMG_5002-768x576.jpg 768w\" sizes=\"auto, (max-width: 1280px) 100vw, 1280px\" \/><div class=\"wp-block-cover__inner-container has-global-padding is-layout-constrained wp-container-core-cover-is-layout-6e824401 wp-block-cover-is-layout-constrained\"><div style=\"height:150px\" aria-hidden=\"true\" class=\"wp-block-spacer\"><\/div>\n\n<h1 class=\"wp-block-heading alignwide has-text-align-left has-text-color\" style=\"color:#ffffff;font-size:clamp(35.2px, 2.2rem + ((1vw - 3.2px) * 3.273), 64px);font-style:normal;font-weight:600\">Contacter Hello Guangxi<\/h1><\/div><\/div><div class=\"wp-block-group alignfull has-global-padding is-layout-constrained wp-container-core-group-is-layout-dcb38fed wp-block-group-is-layout-constrained\" style=\"padding-top:30px;padding-bottom:100px\"><div class=\"wp-block-group alignwide has-global-padding is-layout-constrained wp-container-core-group-is-layout-6e824401 wp-block-group-is-layout-constrained\" style=\"margin-top:0;margin-bottom:0\"><div class=\"wp-block-columns is-layout-flex wp-container-core-columns-is-layout-c2d6fa21 wp-block-columns-is-layout-flex\"><div class=\"wp-block-column is-layout-flow wp-block-column-is-layout-flow\" style=\"padding-top:40px\"><h3 class=\"wp-block-heading has-text-color\" style=\"color:#000000;font-size:clamp(21.536px, 1.346rem + ((1vw - 3.2px) * 1.53), 35px);font-style:normal;font-weight:600\">Qui sommes-nous ?<\/h3>\n\n<p class=\"has-text-color\" style=\"color:#000000;font-size:em\">Hello Guangxi est une association fran\u00e7aise de loi 1901 cr\u00e9\u00e9e le 20 mars 2024. Elle a pour but de faire d\u00e9couvrir les richesses naturelles et culturelles du Guangxi.<br><br>Pour nous contacter, une seule adresse : contact@helloguangxi.com<\/p><\/div><\/div><\/div><\/div>","protected":false},"excerpt":{"rendered":"<p>Qui sommes-nous ? Hello Guangxi est une association fran\u00e7aise de loi 1901 cr\u00e9\u00e9e le 20 mars 2024. Elle a pour but de faire d\u00e9couvrir les richesses naturelles et culturelles du Guangxi. Pour nous contacter, une seule adresse : contact@helloguangxi.com<\/p>\n","protected":false},"author":1,"featured_media":0,"parent":0,"menu_order":0,"comment_status":"closed","ping_status":"closed","template":"","meta":{"footnotes":""},"class_list":["post-48","page","type-page","status-publish","hentry"],"_links":{"self":[{"href":"https:\/\/helloguangxi.com\/index.php\/wp-json\/wp\/v2\/pages\/48","targetHints":{"allow":["GET"]}}],"collection":[{"href":"https:\/\/helloguangxi.com\/index.php\/wp-json\/wp\/v2\/pages"}],"about":[{"href":"https:\/\/helloguangxi.com\/index.php\/wp-json\/wp\/v2\/types\/page"}],"author":[{"embeddable":true,"href":"https:\/\/helloguangxi.com\/index.php\/wp-json\/wp\/v2\/users\/1"}],"replies":[{"embeddable":true,"href":"https:\/\/helloguangxi.com\/index.php\/wp-json\/wp\/v2\/comments?post=48"}],"version-history":[{"count":5,"href":"https:\/\/helloguangxi.com\/index.php\/wp-json\/wp\/v2\/pages\/48\/revisions"}],"predecessor-version":[{"id":561,"href":"https:\/\/helloguangxi.com\/index.php\/wp-json\/wp\/v2\/pages\/48\/revisions\/561"}],"wp:attachment":[{"href":"https:\/\/helloguangxi.com\/index.php\/wp-json\/wp\/v2\/media?parent=48"}],"curies":[{"name":"wp","href":"https:\/\/api.w.org\/{rel}","templated":true}]}}