{"id":459,"date":"2024-09-24T23:25:10","date_gmt":"2024-09-24T21:25:10","guid":{"rendered":"https:\/\/helloguangxi.com\/?page_id=459"},"modified":"2025-05-24T11:44:33","modified_gmt":"2025-05-24T09:44:33","slug":"accueil-2","status":"publish","type":"page","link":"https:\/\/helloguangxi.com\/","title":{"rendered":"Accueil"},"content":{"rendered":"<div class=\"wp-block-cover alignfull is-light\" style=\"margin-top:0;margin-bottom:0;padding-right:20px;padding-bottom:50px;padding-left:20px;min-height:558px;aspect-ratio:unset;\"><img loading=\"lazy\" decoding=\"async\" width=\"1086\" height=\"720\" class=\"wp-block-cover__image-background wp-image-11\" alt=\"Image illustrative. Paysage de rivi\u00e8re et de montagnes du Guangxi.\" src=\"http:\/\/helloguangxi.com\/wp-content\/uploads\/2024\/05\/1086px-1_li_jiang_guilin_yangshuo_2011.jpg\" style=\"object-position:50% 49%\" data-object-fit=\"cover\" data-object-position=\"50% 49%\" srcset=\"https:\/\/helloguangxi.com\/wp-content\/uploads\/2024\/05\/1086px-1_li_jiang_guilin_yangshuo_2011.jpg 1086w, https:\/\/helloguangxi.com\/wp-content\/uploads\/2024\/05\/1086px-1_li_jiang_guilin_yangshuo_2011-300x199.jpg 300w, https:\/\/helloguangxi.com\/wp-content\/uploads\/2024\/05\/1086px-1_li_jiang_guilin_yangshuo_2011-1024x679.jpg 1024w, https:\/\/helloguangxi.com\/wp-content\/uploads\/2024\/05\/1086px-1_li_jiang_guilin_yangshuo_2011-768x509.jpg 768w\" sizes=\"auto, (max-width: 1086px) 100vw, 1086px\" \/><span aria-hidden=\"true\" class=\"wp-block-cover__background has-black-background-color has-background-dim-20 has-background-dim\"><\/span><div class=\"wp-block-cover__inner-container has-global-padding is-layout-constrained wp-container-core-cover-is-layout-d3a6b173 wp-block-cover-is-layout-constrained\"><h2 class=\"wp-block-heading has-text-color\" style=\"color:#ffffff;font-size:clamp(28.836px, 1.802rem + ((1vw - 3.2px) * 2.405), 50px);font-style:normal;font-weight:600;line-height:1.4\">Le Guangxi<br>un havre de paix entre rivi\u00e8res et montagnes<\/h2>\n\n<h2 class=\"wp-block-heading has-text-color has-background has-link-color has-medium-font-size wp-elements-0518264418ce18593dadecd840183904\" style=\"color:#000000;background-color:#ffffff\">Au sud de la Chine, venez d\u00e9couvrir les richesses naturelles et culturelles d&#8217;une r\u00e9gion verdoyante, surprenante et accueillante.<\/h2><\/div><\/div><div class=\"wp-block-group alignfull has-background has-global-padding is-layout-constrained wp-container-core-group-is-layout-6e824401 wp-block-group-is-layout-constrained\" style=\"background-color:#e0e0da;margin-top:0;margin-bottom:0\"><div class=\"wp-block-columns is-layout-flex wp-container-core-columns-is-layout-bb8eb260 wp-block-columns-is-layout-flex\" style=\"padding-top:70px;padding-right:20px;padding-bottom:70px;padding-left:20px\"><div class=\"wp-block-column is-layout-flow wp-container-core-column-is-layout-fe0e2ea3 wp-block-column-is-layout-flow\"><h3 class=\"wp-block-heading has-text-color\" style=\"color:#000000;font-size:clamp(16.293px, 1.018rem + ((1vw - 3.2px) * 0.989), 25px);font-style:normal;font-weight:600\">L&#8217;association Hello Guangxi vous accompagne dans une plong\u00e9e au c\u0153ur de la magnifique r\u00e9gion du Guangxi !<\/h3>\n\n<p class=\"has-text-color\" style=\"color:#000000;font-size:clamp(14px, 0.875rem + ((1vw - 3.2px) * 0.227), 16px);\">De sa cuisine savoureuse \u00e0 son histoire fascinante, en passant par des sites touristiques \u00e0 couper le souffle, nous vous ferons d\u00e9couvrir toutes ses merveilles. Pour ne rien manquer de notre actualit\u00e9, suivez nous sur <a href=\"https:\/\/x.com\/Hello_Guangxi\" data-type=\"link\" data-id=\"https:\/\/x.com\/Hello_Guangxi\">X<\/a> et <a href=\"https:\/\/www.instagram.com\/hello_guangxi\/\" data-type=\"link\" data-id=\"https:\/\/www.instagram.com\/hello_guangxi\/\">Instagram<\/a> !  <\/p><\/div><\/div><\/div><div class=\"wp-block-group alignwide has-global-padding is-layout-constrained wp-container-core-group-is-layout-9273f8d9 wp-block-group-is-layout-constrained\" style=\"margin-top:0;margin-bottom:0;padding-top:50px;padding-bottom:100px\"><div class=\"wp-block-columns is-layout-flex wp-container-core-columns-is-layout-9b24e0e0 wp-block-columns-is-layout-flex\"><div class=\"wp-block-column is-vertically-aligned-center is-layout-flow wp-block-column-is-layout-flow\"><div class=\"wp-block-columns is-layout-flex wp-container-core-columns-is-layout-9b24e0e0 wp-block-columns-is-layout-flex\"><div class=\"wp-block-column is-vertically-aligned-center is-layout-flow wp-block-column-is-layout-flow\"><div class=\"wp-block-columns is-layout-flex wp-container-core-columns-is-layout-9b24e0e0 wp-block-columns-is-layout-flex\"><div class=\"wp-block-column is-vertically-aligned-center is-layout-flow wp-block-column-is-layout-flow\"><h3 class=\"wp-block-heading has-text-color\" style=\"color:#000000;font-size:clamp(21.536px, 1.346rem + ((1vw - 3.2px) * 1.53), 35px);font-style:normal;font-weight:600\">Une culture plurielle, authentique et mill\u00e9naire<\/h3>\n\n<p class=\"has-text-color\" style=\"color:#000000;font-size:clamp(14px, 0.875rem + ((1vw - 3.2px) * 0.227), 16px);\">Fa\u00e7onn\u00e9e par des mill\u00e9naires d&#8217;\u00e9changes, la r\u00e9gion autonome du Guangxi est constitu\u00e9e de plus d&#8217;une dizaine de groupes minoritaires, parmi lesquels les Zhuang, les Yao, les Miao, les Dong ou encore les Mulao.<br><br>Les langues et les traditions de ces groupes perdurent de nos jours. Plusieurs \u00e9v\u00e9nements festivals et animations touristiques permettent de les d\u00e9couvrir tout au long de l&#8217;ann\u00e9e.<\/p>\n\n<div class=\"wp-block-buttons is-layout-flex wp-block-buttons-is-layout-flex\"><div class=\"wp-block-button\"><a class=\"wp-block-button__link has-text-color has-background has-custom-font-size wp-element-button\" href=\"https:\/\/helloguangxi.com\/index.php\/histoire-du-guangxi\/\" style=\"border-style:none;border-width:0px;border-radius:0px;color:#ffffff;background-color:#253550;padding-top:19px;padding-right:50px;padding-bottom:19px;padding-left:50px;font-size:clamp(14px, 0.875rem + ((1vw - 3.2px) * 0.227), 16px);\">D\u00e9couvrez l&#8217;histoire et la richesse culturelle du Guangxi<\/a><\/div><\/div><\/div>\n\n<div class=\"wp-block-column is-layout-flow wp-block-column-is-layout-flow\"><figure class=\"wp-block-image size-full is-resized\"><img loading=\"lazy\" decoding=\"async\" width=\"2560\" height=\"1440\" src=\"http:\/\/helloguangxi.com\/wp-content\/uploads\/2024\/09\/IMG_3362-scaled.jpg\" alt=\"\" class=\"wp-image-536\" style=\"object-fit:cover;width:550px;height:500px\" srcset=\"https:\/\/helloguangxi.com\/wp-content\/uploads\/2024\/09\/IMG_3362-scaled.jpg 2560w, https:\/\/helloguangxi.com\/wp-content\/uploads\/2024\/09\/IMG_3362-300x169.jpg 300w, https:\/\/helloguangxi.com\/wp-content\/uploads\/2024\/09\/IMG_3362-1024x576.jpg 1024w, https:\/\/helloguangxi.com\/wp-content\/uploads\/2024\/09\/IMG_3362-768x432.jpg 768w, https:\/\/helloguangxi.com\/wp-content\/uploads\/2024\/09\/IMG_3362-1536x864.jpg 1536w, https:\/\/helloguangxi.com\/wp-content\/uploads\/2024\/09\/IMG_3362-2048x1152.jpg 2048w\" sizes=\"auto, (max-width: 2560px) 100vw, 2560px\" \/><\/figure><\/div><\/div>\n\n<div class=\"wp-block-columns is-layout-flex wp-container-core-columns-is-layout-9b24e0e0 wp-block-columns-is-layout-flex\"><div class=\"wp-block-column is-layout-flow wp-block-column-is-layout-flow\"><figure class=\"wp-block-image size-full is-resized\"><img loading=\"lazy\" decoding=\"async\" width=\"1920\" height=\"1080\" src=\"https:\/\/helloguangxi.com\/wp-content\/uploads\/2024\/09\/IMG_4966-1.jpg\" alt=\"\" class=\"wp-image-542\" style=\"object-fit:cover;width:550px;height:500px\" srcset=\"https:\/\/helloguangxi.com\/wp-content\/uploads\/2024\/09\/IMG_4966-1.jpg 1920w, https:\/\/helloguangxi.com\/wp-content\/uploads\/2024\/09\/IMG_4966-1-300x169.jpg 300w, https:\/\/helloguangxi.com\/wp-content\/uploads\/2024\/09\/IMG_4966-1-1024x576.jpg 1024w, https:\/\/helloguangxi.com\/wp-content\/uploads\/2024\/09\/IMG_4966-1-768x432.jpg 768w, https:\/\/helloguangxi.com\/wp-content\/uploads\/2024\/09\/IMG_4966-1-1536x864.jpg 1536w\" sizes=\"auto, (max-width: 1920px) 100vw, 1920px\" \/><\/figure><\/div>\n\n<div class=\"wp-block-column is-vertically-aligned-center is-layout-flow wp-block-column-is-layout-flow\"><h3 class=\"wp-block-heading has-text-color\" style=\"color:#000000;font-size:clamp(21.536px, 1.346rem + ((1vw - 3.2px) * 1.53), 35px);font-style:normal;font-weight:600\">Des paysages \u00e0 couper le souffle <\/h3>\n\n<p class=\"has-text-color\" style=\"color:#000000;font-size:clamp(14px, 0.875rem + ((1vw - 3.2px) * 0.227), 16px);\">Situ\u00e9 \u00e0 la fronti\u00e8re nord-est du Vietnam, le Guangxi est r\u00e9put\u00e9 pour ses magnifiques paysages de montagnes luxuriantes en forme de &#8220;pain de sucre&#8221;, bord\u00e9es de rivi\u00e8res.<\/p>\n\n<div class=\"wp-block-buttons is-layout-flex wp-block-buttons-is-layout-flex\"><div class=\"wp-block-button\"><a class=\"wp-block-button__link has-text-color has-background has-custom-font-size wp-element-button\" href=\"https:\/\/helloguangxi.com\/index.php\/histoire-geographie\/\" style=\"border-style:none;border-width:0px;border-radius:0px;color:#ffffff;background-color:#253550;padding-top:19px;padding-right:50px;padding-bottom:19px;padding-left:50px;font-size:clamp(14px, 0.875rem + ((1vw - 3.2px) * 0.227), 16px);\">D\u00e9couvrez la g\u00e9ographie du Guangxi<\/a><\/div><\/div>\n\n<div class=\"wp-block-buttons is-layout-flex wp-block-buttons-is-layout-flex\"><div class=\"wp-block-button\"><a class=\"wp-block-button__link has-text-color has-background has-custom-font-size wp-element-button\" href=\"https:\/\/helloguangxi.com\/index.php\/circuit-a-guangxi\/\" style=\"border-style:none;border-width:0px;border-radius:0px;color:#ffffff;background-color:#253550;padding-top:19px;padding-right:50px;padding-bottom:19px;padding-left:50px;font-size:clamp(14px, 0.875rem + ((1vw - 3.2px) * 0.227), 16px);\">Circuit \u00e0 Guangxi en petit groupe<\/a><\/div><\/div><\/div><\/div><\/div><\/div><\/div><\/div><\/div><p><\/p>","protected":false},"excerpt":{"rendered":"<p>L&#8217;association Hello Guangxi vous accompagne dans une plong\u00e9e au c\u0153ur de la magnifique r\u00e9gion du Guangxi ! De sa cuisine savoureuse \u00e0 son histoire fascinante, en passant par des sites touristiques \u00e0 couper le souffle, nous vous ferons d\u00e9couvrir toutes ses merveilles. Pour ne rien manquer de notre actualit\u00e9, suivez nous sur X et Instagram [&hellip;]<\/p>\n","protected":false},"author":2,"featured_media":0,"parent":0,"menu_order":0,"comment_status":"closed","ping_status":"closed","template":"","meta":{"footnotes":""},"class_list":["post-459","page","type-page","status-publish","hentry"],"_links":{"self":[{"href":"https:\/\/helloguangxi.com\/index.php\/wp-json\/wp\/v2\/pages\/459","targetHints":{"allow":["GET"]}}],"collection":[{"href":"https:\/\/helloguangxi.com\/index.php\/wp-json\/wp\/v2\/pages"}],"about":[{"href":"https:\/\/helloguangxi.com\/index.php\/wp-json\/wp\/v2\/types\/page"}],"author":[{"embeddable":true,"href":"https:\/\/helloguangxi.com\/index.php\/wp-json\/wp\/v2\/users\/2"}],"replies":[{"embeddable":true,"href":"https:\/\/helloguangxi.com\/index.php\/wp-json\/wp\/v2\/comments?post=459"}],"version-history":[{"count":33,"href":"https:\/\/helloguangxi.com\/index.php\/wp-json\/wp\/v2\/pages\/459\/revisions"}],"predecessor-version":[{"id":943,"href":"https:\/\/helloguangxi.com\/index.php\/wp-json\/wp\/v2\/pages\/459\/revisions\/943"}],"wp:attachment":[{"href":"https:\/\/helloguangxi.com\/index.php\/wp-json\/wp\/v2\/media?parent=459"}],"curies":[{"name":"wp","href":"https:\/\/api.w.org\/{rel}","templated":true}]}}