{"id":433,"date":"2024-09-11T14:02:58","date_gmt":"2024-09-11T12:02:58","guid":{"rendered":"https:\/\/helloguangxi.com\/?page_id=433"},"modified":"2025-05-26T16:20:43","modified_gmt":"2025-05-26T14:20:43","slug":"zhuangjin","status":"publish","type":"page","link":"https:\/\/helloguangxi.com\/index.php\/zhuangjin\/","title":{"rendered":"Brocart Zhuang"},"content":{"rendered":"<div class=\"wp-block-cover alignfull is-light\" style=\"margin-top:0;margin-bottom:0;padding-right:20px;padding-bottom:50px;padding-left:20px;min-height:750px;aspect-ratio:unset;\"><img loading=\"lazy\" decoding=\"async\" width=\"2560\" height=\"1704\" class=\"wp-block-cover__image-background wp-image-858\" alt=\"\" src=\"http:\/\/helloguangxi.com\/wp-content\/uploads\/2025\/02\/mmexport1734191687778.jpg\" data-object-fit=\"cover\" srcset=\"https:\/\/helloguangxi.com\/wp-content\/uploads\/2025\/02\/mmexport1734191687778.jpg 2560w, https:\/\/helloguangxi.com\/wp-content\/uploads\/2025\/02\/mmexport1734191687778-300x200.jpg 300w, https:\/\/helloguangxi.com\/wp-content\/uploads\/2025\/02\/mmexport1734191687778-1024x682.jpg 1024w, https:\/\/helloguangxi.com\/wp-content\/uploads\/2025\/02\/mmexport1734191687778-768x511.jpg 768w, https:\/\/helloguangxi.com\/wp-content\/uploads\/2025\/02\/mmexport1734191687778-1536x1022.jpg 1536w, https:\/\/helloguangxi.com\/wp-content\/uploads\/2025\/02\/mmexport1734191687778-2048x1363.jpg 2048w, https:\/\/helloguangxi.com\/wp-content\/uploads\/2025\/02\/mmexport1734191687778-600x399.jpg 600w\" sizes=\"auto, (max-width: 2560px) 100vw, 2560px\" \/><span aria-hidden=\"true\" class=\"wp-block-cover__background has-background-dim-20 has-background-dim\" style=\"background-color:#a59487\"><\/span><div class=\"wp-block-cover__inner-container has-global-padding is-layout-constrained wp-container-core-cover-is-layout-d3a6b173 wp-block-cover-is-layout-constrained\"><div style=\"height:400px\" aria-hidden=\"true\" class=\"wp-block-spacer\"><\/div>\n\n<h2 class=\"wp-block-heading has-text-color\" style=\"color:#ffffff;font-size:clamp(26.465px, 1.654rem + ((1vw - 3.2px) * 2.106), 45px);font-style:normal;font-weight:600;line-height:1.4\">Brocart Zhuang (\u58ee\u9526)<\/h2><\/div><\/div><div class=\"wp-block-group alignwide has-global-padding is-layout-constrained wp-container-core-group-is-layout-eed1bd90 wp-block-group-is-layout-constrained\" style=\"margin-top:0;margin-bottom:0;padding-top:100px;padding-bottom:50px\"><div class=\"wp-block-columns is-layout-flex wp-container-core-columns-is-layout-9b24e0e0 wp-block-columns-is-layout-flex\"><div class=\"wp-block-column is-vertically-aligned-center is-layout-flow wp-block-column-is-layout-flow\"><h3 class=\"wp-block-heading has-text-color\" style=\"color:#000000;font-size:clamp(21.536px, 1.346rem + ((1vw - 3.2px) * 1.53), 35px);font-style:normal;font-weight:600\"><\/h3>\n\n<p class=\"has-text-color\" style=\"color:#000000;font-size:clamp(14px, 0.875rem + ((1vw - 3.2px) * 0.227), 16px);\">Le brocart Zhuang, l\u2019un des quatre c\u00e9l\u00e8bres brocarts de Chine aux c\u00f4t\u00e9s du brocart Yun, du brocart Shu et du brocart Song, serait apparu sous la dynastie Song. \u00c0 cette \u00e9poque, il \u00e9tait consid\u00e9r\u00e9 comme un tribut imp\u00e9rial, ce qui t\u00e9moigne de sa grande valeur. Durant les dynasties Ming et Qing, il a continu\u00e9 \u00e0 \u00eatre offert en tribut, illustrant ainsi son histoire riche et son savoir-faire exceptionnel. <\/p>\n\n<p class=\"has-text-color\" style=\"color:#000000;font-size:clamp(14px, 0.875rem + ((1vw - 3.2px) * 0.227), 16px);\">Aujourd\u2019hui, l\u2019art du tissage du brocart Zhuang est inscrit au patrimoine culturel immat\u00e9riel de niveau national en Chine et repr\u00e9sente un tr\u00e9sor culturel pr\u00e9cieux du comt\u00e9 de Jingxi, dans la r\u00e9gion autonome Zhuang du Guangxi. Ce savoir-faire incarne l\u2019ing\u00e9niosit\u00e9 et l\u2019h\u00e9ritage artistique du peuple Zhuang.<\/p>\n\n<p class=\"has-text-color\" style=\"color:#000000;font-size:clamp(14px, 0.875rem + ((1vw - 3.2px) * 0.227), 16px);\">Le brocart Zhuang est appel\u00e9 <strong>&#8220;mbaw laiz fax&#8221;<\/strong> dans la langue zhuang, ce qui signifie <strong>&#8220;page des motifs c\u00e9lestes&#8221;<\/strong>. Il est tiss\u00e9 \u00e0 partir de fils de coton ou de soie. Apr\u00e8s des mill\u00e9naires d\u2019\u00e9volution, le brocart Zhuang a d\u00e9velopp\u00e9 un syst\u00e8me unique, comprenant <strong>trois grandes cat\u00e9gories<\/strong>, plus de <strong>vingt vari\u00e9t\u00e9s<\/strong> et <strong>plus de cinquante motifs diff\u00e9rents<\/strong>. Il est r\u00e9put\u00e9 pour sa solidit\u00e9, son savoir-faire raffin\u00e9, ses motifs distinctifs et ses ornements d\u2019une grande beaut\u00e9.<\/p>\n\n<p><\/p><\/div>\n\n<div class=\"wp-block-column is-layout-flow wp-block-column-is-layout-flow\"><figure class=\"wp-block-image size-full is-resized\"><img loading=\"lazy\" decoding=\"async\" width=\"794\" height=\"1259\" src=\"https:\/\/helloguangxi.com\/wp-content\/uploads\/2025\/05\/IMG-20241128-WA0005-edited-1.jpg\" alt=\"\" class=\"wp-image-940\" style=\"object-fit:cover;width:550px;height:500px\" srcset=\"https:\/\/helloguangxi.com\/wp-content\/uploads\/2025\/05\/IMG-20241128-WA0005-edited-1.jpg 794w, https:\/\/helloguangxi.com\/wp-content\/uploads\/2025\/05\/IMG-20241128-WA0005-edited-1-189x300.jpg 189w, https:\/\/helloguangxi.com\/wp-content\/uploads\/2025\/05\/IMG-20241128-WA0005-edited-1-646x1024.jpg 646w, https:\/\/helloguangxi.com\/wp-content\/uploads\/2025\/05\/IMG-20241128-WA0005-edited-1-768x1218.jpg 768w, https:\/\/helloguangxi.com\/wp-content\/uploads\/2025\/05\/IMG-20241128-WA0005-edited-1-600x951.jpg 600w\" sizes=\"auto, (max-width: 794px) 100vw, 794px\" \/><\/figure><\/div><\/div><\/div><div class=\"wp-block-group alignwide has-global-padding is-layout-constrained wp-container-core-group-is-layout-9273f8d9 wp-block-group-is-layout-constrained\" style=\"margin-top:0;margin-bottom:0;padding-top:50px;padding-bottom:100px\"><div class=\"wp-block-columns is-layout-flex wp-container-core-columns-is-layout-9b24e0e0 wp-block-columns-is-layout-flex\"><div class=\"wp-block-column is-layout-flow wp-block-column-is-layout-flow\"><figure class=\"wp-block-image size-full is-resized\"><img loading=\"lazy\" decoding=\"async\" width=\"1620\" height=\"1080\" src=\"http:\/\/helloguangxi.com\/wp-content\/uploads\/2025\/02\/mmexport1734191135438.jpg\" alt=\"\" class=\"wp-image-862\" style=\"object-fit:cover;width:550px;height:500px\" srcset=\"https:\/\/helloguangxi.com\/wp-content\/uploads\/2025\/02\/mmexport1734191135438.jpg 1620w, https:\/\/helloguangxi.com\/wp-content\/uploads\/2025\/02\/mmexport1734191135438-300x200.jpg 300w, https:\/\/helloguangxi.com\/wp-content\/uploads\/2025\/02\/mmexport1734191135438-1024x683.jpg 1024w, https:\/\/helloguangxi.com\/wp-content\/uploads\/2025\/02\/mmexport1734191135438-768x512.jpg 768w, https:\/\/helloguangxi.com\/wp-content\/uploads\/2025\/02\/mmexport1734191135438-1536x1024.jpg 1536w, https:\/\/helloguangxi.com\/wp-content\/uploads\/2025\/02\/mmexport1734191135438-600x400.jpg 600w\" sizes=\"auto, (max-width: 1620px) 100vw, 1620px\" \/><\/figure><\/div>\n\n<div class=\"wp-block-column is-vertically-aligned-top is-layout-flow wp-block-column-is-layout-flow\"><h3 class=\"wp-block-heading has-text-color\" style=\"color:#000000;font-size:clamp(21.536px, 1.346rem + ((1vw - 3.2px) * 1.53), 35px);font-style:normal;font-weight:600\"><strong>Filage et teinture<\/strong><\/h3>\n\n<p class=\"has-text-color\" style=\"color:#000000;font-size:clamp(14px, 0.875rem + ((1vw - 3.2px) * 0.227), 16px);\">En ce qui concerne les mati\u00e8res premi\u00e8res, les artisans du brocart Zhuang r\u00e9alisent eux-m\u00eames <strong>toutes les \u00e9tapes de production<\/strong>, de la culture du coton et de la soie jusqu&#8217;au tissage final.<\/p>\n\n<p class=\"has-text-color\" style=\"color:#000000;font-size:clamp(14px, 0.875rem + ((1vw - 3.2px) * 0.227), 16px);\">C\u00f4t\u00e9 couleurs, le brocart Zhuang se distingue par <strong>des contrastes marqu\u00e9s et des nuances harmonieuses<\/strong>, avec une esth\u00e9tique \u00e0 la fois sobre et authentique.<\/p>\n\n<p class=\"has-text-color\" style=\"color:#000000;font-size:clamp(14px, 0.875rem + ((1vw - 3.2px) * 0.227), 16px);\">Pour la teinture, il repose sur l&#8217;utilisation de <strong>plantes naturelles locales et de terres color\u00e9es<\/strong>, permettant d&#8217;obtenir des teintes vari\u00e9es comme <strong>le rouge, le jaune, le bleu, le vert ou le gris<\/strong>, toutes issues de la nature. Gr\u00e2ce \u00e0 un subtil m\u00e9lange des couleurs, le brocart Zhuang refl\u00e8te <strong>une riche palette esth\u00e9tique<\/strong>.<\/p><\/div><\/div><\/div><div class=\"wp-block-group alignwide has-global-padding is-layout-constrained wp-container-core-group-is-layout-5ff8a92b wp-block-group-is-layout-constrained\" style=\"margin-top:0;margin-bottom:0;padding-top:100px;padding-bottom:100px\"><div class=\"wp-block-columns is-layout-flex wp-container-core-columns-is-layout-17070c2b wp-block-columns-is-layout-flex\"><div class=\"wp-block-column is-layout-flow wp-block-column-is-layout-flow\"><h3 class=\"wp-block-heading has-text-color\" style=\"color:#000000;font-size:clamp(21.536px, 1.346rem + ((1vw - 3.2px) * 1.53), 35px);font-style:normal;font-weight:600\">Motifs et techniques<\/h3>\n\n<p class=\"has-text-color\" style=\"color:#000000;font-size:clamp(14px, 0.875rem + ((1vw - 3.2px) * 0.227), 16px);\">Les motifs du brocart Zhuang poss\u00e8dent une structure unique et raffin\u00e9e, divis\u00e9e en trois grandes cat\u00e9gories : <strong>les motifs g\u00e9om\u00e9triques, les figures combinant motifs g\u00e9om\u00e9triques et repr\u00e9sentations d\u2019animaux ou de plantes, ainsi que les motifs g\u00e9om\u00e9triques denses et multicouches<\/strong>. Chacun de ces styles incarne une esth\u00e9tique rythmique \u00e0 la fois rigoureuse et harmonieuse.<\/p>\n\n<p class=\"has-text-color\" style=\"color:#000000;font-size:clamp(14px, 0.875rem + ((1vw - 3.2px) * 0.227), 16px);\">Le tissage du brocart Zhuang repose sur <strong>l\u2019utilisation de m\u00e9tiers \u00e0 tisser en bois traditionnels<\/strong> et une technique sophistiqu\u00e9e de <strong>cha\u00eenes continues et trames interrompues<\/strong>. Cette m\u00e9thode permet d\u2019entrelacer habilement <strong>les fils de soie color\u00e9s et le coton<\/strong>, donnant naissance \u00e0 des motifs d\u2019une grande finesse. Ce savoir-faire exige une immense patience et une grande ma\u00eetrise technique : <strong>un tisserand doit effectuer plusieurs dizaines de milliers de gestes par jour<\/strong>.<\/p>\n\n<p class=\"has-text-color\" style=\"color:#000000;font-size:clamp(14px, 0.875rem + ((1vw - 3.2px) * 0.227), 16px);\">Chaque pi\u00e8ce de brocart Zhuang est donc <strong>le fruit d\u2019un long et minutieux travail<\/strong>. Il faut en moyenne <strong>160 heures pour r\u00e9aliser un ouvrage de taille standard<\/strong>, et bien plus pour les cr\u00e9ations les plus complexes. C\u2019est pourquoi l\u2019on dit que <strong>&#8220;chaque centim\u00e8tre de brocart vaut son pesant d\u2019or&#8221;<\/strong>.<\/p><\/div>\n\n<div class=\"wp-block-column is-layout-flow wp-container-core-column-is-layout-3ca914a4 wp-block-column-is-layout-flow\"><p class=\"has-text-color\" style=\"color:#000000;font-size:clamp(14px, 0.875rem + ((1vw - 3.2px) * 0.227), 16px);\"><\/p>\n\n<figure class=\"wp-block-image size-full is-resized\"><img loading=\"lazy\" decoding=\"async\" width=\"1920\" height=\"2560\" src=\"https:\/\/helloguangxi.com\/wp-content\/uploads\/2025\/02\/mmexport1734190155135-scaled.jpg\" alt=\"\" class=\"wp-image-875\" style=\"object-fit:cover;width:550px;height:500px\" srcset=\"https:\/\/helloguangxi.com\/wp-content\/uploads\/2025\/02\/mmexport1734190155135-scaled.jpg 1920w, https:\/\/helloguangxi.com\/wp-content\/uploads\/2025\/02\/mmexport1734190155135-225x300.jpg 225w, https:\/\/helloguangxi.com\/wp-content\/uploads\/2025\/02\/mmexport1734190155135-768x1024.jpg 768w, https:\/\/helloguangxi.com\/wp-content\/uploads\/2025\/02\/mmexport1734190155135-1152x1536.jpg 1152w, https:\/\/helloguangxi.com\/wp-content\/uploads\/2025\/02\/mmexport1734190155135-1536x2048.jpg 1536w, https:\/\/helloguangxi.com\/wp-content\/uploads\/2025\/02\/mmexport1734190155135-600x800.jpg 600w\" sizes=\"auto, (max-width: 1920px) 100vw, 1920px\" \/><\/figure>\n\n<p class=\"has-text-color\" style=\"color:#000000;font-size:clamp(14px, 0.875rem + ((1vw - 3.2px) * 0.227), 16px);\"><\/p><\/div><\/div><\/div><div class=\"wp-block-group alignwide has-global-padding is-layout-constrained wp-container-core-group-is-layout-5ff8a92b wp-block-group-is-layout-constrained\" style=\"margin-top:0;margin-bottom:0;padding-top:100px;padding-bottom:100px\"><div class=\"wp-block-columns is-layout-flex wp-container-core-columns-is-layout-17070c2b wp-block-columns-is-layout-flex\"><div class=\"wp-block-column is-layout-flow wp-block-column-is-layout-flow\"><div class=\"n2-section-smartslider fitvidsignore  n2_clear\" data-ssid=\"3\"><div id=\"n2-ss-3-align\" class=\"n2-ss-align\"><div class=\"n2-padding\"><div id=\"n2-ss-3\" data-creator=\"Smart Slider 3\" data-responsive=\"auto\" class=\"n2-ss-slider n2-ow n2-has-hover n2notransition  \"><div class=\"n2-ss-slider-wrapper-inside\">\n        <div class=\"n2-ss-slider-1 n2_ss__touch_element n2-ow\">\n            <div class=\"n2-ss-slider-2 n2-ow\">\n                                                <div class=\"n2-ss-slider-3 n2-ow\">\n\n                    <div class=\"n2-ss-slide-backgrounds n2-ow-all\"><div class=\"n2-ss-slide-background\" data-public-id=\"1\" data-mode=\"fill\"><div class=\"n2-ss-slide-background-image\" data-blur=\"0\" data-opacity=\"100\" data-x=\"50\" data-y=\"50\" data-alt=\"\" data-title=\"\"><picture class=\"skip-lazy\" data-skip-lazy=\"1\"><img decoding=\"async\" src=\"\/\/helloguangxi.com\/wp-content\/uploads\/2025\/02\/mmexport1734191091313.jpg\" alt=\"\" title=\"\" loading=\"lazy\" class=\"skip-lazy\" data-skip-lazy=\"1\"><\/picture><\/div><div data-color=\"RGBA(255,255,255,0)\" style=\"background-color: RGBA(255,255,255,0);\" class=\"n2-ss-slide-background-color\"><\/div><\/div><div class=\"n2-ss-slide-background\" data-public-id=\"2\" data-mode=\"fill\"><div class=\"n2-ss-slide-background-image\" data-blur=\"0\" data-opacity=\"100\" data-x=\"50\" data-y=\"50\" data-alt=\"\" data-title=\"\"><picture class=\"skip-lazy\" data-skip-lazy=\"1\"><img decoding=\"async\" src=\"\/\/helloguangxi.com\/wp-content\/uploads\/2025\/02\/mmexport1734191087073-1.jpg\" alt=\"\" title=\"\" loading=\"lazy\" class=\"skip-lazy\" data-skip-lazy=\"1\"><\/picture><\/div><div data-color=\"RGBA(255,255,255,0)\" style=\"background-color: RGBA(255,255,255,0);\" class=\"n2-ss-slide-background-color\"><\/div><\/div><div class=\"n2-ss-slide-background\" data-public-id=\"3\" data-mode=\"fill\"><div class=\"n2-ss-slide-background-image\" data-blur=\"0\" data-opacity=\"100\" data-x=\"50\" data-y=\"50\" data-alt=\"\" data-title=\"\"><picture class=\"skip-lazy\" data-skip-lazy=\"1\"><img decoding=\"async\" src=\"\/\/helloguangxi.com\/wp-content\/uploads\/2025\/02\/mmexport1734191061101.jpg\" alt=\"\" title=\"\" loading=\"lazy\" class=\"skip-lazy\" data-skip-lazy=\"1\"><\/picture><\/div><div data-color=\"RGBA(255,255,255,0)\" style=\"background-color: RGBA(255,255,255,0);\" class=\"n2-ss-slide-background-color\"><\/div><\/div><div class=\"n2-ss-slide-background\" data-public-id=\"4\" data-mode=\"fill\"><div class=\"n2-ss-slide-background-image\" data-blur=\"0\" data-opacity=\"100\" data-x=\"50\" data-y=\"50\" data-alt=\"\" data-title=\"\"><picture class=\"skip-lazy\" data-skip-lazy=\"1\"><img decoding=\"async\" src=\"\/\/helloguangxi.com\/wp-content\/uploads\/2025\/02\/mmexport1712aa268c0b3d6653088c7bd5f184ae_1732794064855.jpeg\" alt=\"\" title=\"\" loading=\"lazy\" class=\"skip-lazy\" data-skip-lazy=\"1\"><\/picture><\/div><div data-color=\"RGBA(255,255,255,0)\" style=\"background-color: RGBA(255,255,255,0);\" class=\"n2-ss-slide-background-color\"><\/div><\/div><div class=\"n2-ss-slide-background\" data-public-id=\"5\" data-mode=\"fill\"><div class=\"n2-ss-slide-background-image\" data-blur=\"0\" data-opacity=\"100\" data-x=\"50\" data-y=\"50\" data-alt=\"\" data-title=\"\"><picture class=\"skip-lazy\" data-skip-lazy=\"1\"><img decoding=\"async\" src=\"\/\/helloguangxi.com\/wp-content\/uploads\/2025\/02\/mmexport894bc5a9f49d9f5db4361a392c3f12d1_1732793725203.jpeg\" alt=\"\" title=\"\" loading=\"lazy\" class=\"skip-lazy\" data-skip-lazy=\"1\"><\/picture><\/div><div data-color=\"RGBA(255,255,255,0)\" style=\"background-color: RGBA(255,255,255,0);\" class=\"n2-ss-slide-background-color\"><\/div><\/div><div class=\"n2-ss-slide-background\" data-public-id=\"6\" data-mode=\"fill\"><div class=\"n2-ss-slide-background-image\" data-blur=\"0\" data-opacity=\"100\" data-x=\"50\" data-y=\"50\" data-alt=\"\" data-title=\"\"><picture class=\"skip-lazy\" data-skip-lazy=\"1\"><img decoding=\"async\" src=\"\/\/helloguangxi.com\/wp-content\/uploads\/2025\/02\/mmexport1732791635516.jpg\" alt=\"\" title=\"\" loading=\"lazy\" class=\"skip-lazy\" data-skip-lazy=\"1\"><\/picture><\/div><div data-color=\"RGBA(255,255,255,0)\" style=\"background-color: RGBA(255,255,255,0);\" class=\"n2-ss-slide-background-color\"><\/div><\/div><\/div>                    <div class=\"n2-ss-slider-4 n2-ow\">\n                        <svg xmlns=\"http:\/\/www.w3.org\/2000\/svg\" viewBox=\"0 0 1400 800\" data-related-device=\"desktopPortrait\" class=\"n2-ow n2-ss-preserve-size n2-ss-preserve-size--slider n2-ss-slide-limiter\"><\/svg><div data-slide-duration=\"0\" data-id=\"15\" data-slide-public-id=\"1\" data-title=\"mmexport1734191091313\" class=\"n2-ss-slide n2-ow  n2-ss-slide-15\"><div role=\"note\" class=\"n2-ss-slide--focus\" tabindex=\"-1\">mmexport1734191091313<\/div><div class=\"n2-ss-layers-container n2-ss-slide-limiter n2-ow\"><div class=\"n2-ss-layer n2-ow n-uc-nc5n31O5Y9FU\" data-sstype=\"slide\" data-pm=\"default\"><\/div><\/div><\/div><div data-slide-duration=\"0\" data-id=\"16\" data-slide-public-id=\"2\" data-title=\"mmexport1734191087073\" class=\"n2-ss-slide n2-ow  n2-ss-slide-16\"><div role=\"note\" class=\"n2-ss-slide--focus\" tabindex=\"-1\">mmexport1734191087073<\/div><div class=\"n2-ss-layers-container n2-ss-slide-limiter n2-ow\"><div class=\"n2-ss-layer n2-ow n-uc-6GfF1BJPReVo\" data-sstype=\"slide\" data-pm=\"default\"><\/div><\/div><\/div><div data-slide-duration=\"0\" data-id=\"17\" data-slide-public-id=\"3\" data-title=\"mmexport1734191061101\" class=\"n2-ss-slide n2-ow  n2-ss-slide-17\"><div role=\"note\" class=\"n2-ss-slide--focus\" tabindex=\"-1\">mmexport1734191061101<\/div><div class=\"n2-ss-layers-container n2-ss-slide-limiter n2-ow\"><div class=\"n2-ss-layer n2-ow n-uc-xkoToc6SspgS\" data-sstype=\"slide\" data-pm=\"default\"><\/div><\/div><\/div><div data-slide-duration=\"0\" data-id=\"18\" data-slide-public-id=\"4\" data-title=\"mmexport1712aa268c0b3d6653088c7bd5f184ae_1732794064855\" class=\"n2-ss-slide n2-ow  n2-ss-slide-18\"><div role=\"note\" class=\"n2-ss-slide--focus\" tabindex=\"-1\">mmexport1712aa268c0b3d6653088c7bd5f184ae_1732794064855<\/div><div class=\"n2-ss-layers-container n2-ss-slide-limiter n2-ow\"><div class=\"n2-ss-layer n2-ow n-uc-gAcEgGyHGZ36\" data-sstype=\"slide\" data-pm=\"default\"><\/div><\/div><\/div><div data-slide-duration=\"0\" data-id=\"19\" data-slide-public-id=\"5\" data-title=\"mmexport894bc5a9f49d9f5db4361a392c3f12d1_1732793725203\" class=\"n2-ss-slide n2-ow  n2-ss-slide-19\"><div role=\"note\" class=\"n2-ss-slide--focus\" tabindex=\"-1\">mmexport894bc5a9f49d9f5db4361a392c3f12d1_1732793725203<\/div><div class=\"n2-ss-layers-container n2-ss-slide-limiter n2-ow\"><div class=\"n2-ss-layer n2-ow n-uc-JXlPQuHsIdgZ\" data-sstype=\"slide\" data-pm=\"default\"><\/div><\/div><\/div><div data-first=\"1\" data-slide-duration=\"0\" data-id=\"20\" data-slide-public-id=\"6\" data-title=\"mmexport1732791635516\" class=\"n2-ss-slide n2-ow  n2-ss-slide-20\"><div role=\"note\" class=\"n2-ss-slide--focus\" tabindex=\"-1\">mmexport1732791635516<\/div><div class=\"n2-ss-layers-container n2-ss-slide-limiter n2-ow\"><div class=\"n2-ss-layer n2-ow n-uc-S6r53PvCRW2Z\" data-sstype=\"slide\" data-pm=\"default\"><\/div><\/div><\/div>                    <\/div>\n\n                                    <\/div>\n            <\/div>\n        <\/div>\n        <div class=\"n2-ss-slider-controls n2-ss-slider-controls-absolute-left-center\"><div style=\"--widget-offset:15px;\" class=\"n2-ss-widget nextend-arrow n2-ow-all nextend-arrow-previous  nextend-arrow-animated-fade\" data-hide-mobileportrait=\"1\" id=\"n2-ss-3-arrow-previous\" role=\"button\" aria-label=\"previous arrow\" tabindex=\"0\"><img loading=\"lazy\" decoding=\"async\" width=\"32\" height=\"32\" class=\"skip-lazy\" data-skip-lazy=\"1\" src=\"data:image\/svg+xml;base64,PHN2ZyB3aWR0aD0iMzIiIGhlaWdodD0iMzIiIHZpZXdCb3g9IjAgMCAzMiAzMiIgeG1sbnM9Imh0dHA6Ly93d3cudzMub3JnLzIwMDAvc3ZnIj4KICAgIDxwYXRoIGQ9Ik0xMS40MzMgMTUuOTkyTDIyLjY5IDUuNzEyYy4zOTMtLjM5LjM5My0xLjAzIDAtMS40Mi0uMzkzLS4zOS0xLjAzLS4zOS0xLjQyMyAwbC0xMS45OCAxMC45NGMtLjIxLjIxLS4zLjQ5LS4yODUuNzYtLjAxNS4yOC4wNzUuNTYuMjg0Ljc3bDExLjk4IDEwLjk0Yy4zOTMuMzkgMS4wMy4zOSAxLjQyNCAwIC4zOTMtLjQuMzkzLTEuMDMgMC0xLjQybC0xMS4yNTctMTAuMjkiCiAgICAgICAgICBmaWxsPSIjZmZmZmZmIiBvcGFjaXR5PSIwLjgiIGZpbGwtcnVsZT0iZXZlbm9kZCIvPgo8L3N2Zz4=\" alt=\"previous arrow\"><\/div><\/div><div class=\"n2-ss-slider-controls n2-ss-slider-controls-absolute-right-center\"><div style=\"--widget-offset:15px;\" class=\"n2-ss-widget nextend-arrow n2-ow-all nextend-arrow-next  nextend-arrow-animated-fade\" data-hide-mobileportrait=\"1\" id=\"n2-ss-3-arrow-next\" role=\"button\" aria-label=\"next arrow\" tabindex=\"0\"><img loading=\"lazy\" decoding=\"async\" width=\"32\" height=\"32\" class=\"skip-lazy\" data-skip-lazy=\"1\" src=\"data:image\/svg+xml;base64,PHN2ZyB3aWR0aD0iMzIiIGhlaWdodD0iMzIiIHZpZXdCb3g9IjAgMCAzMiAzMiIgeG1sbnM9Imh0dHA6Ly93d3cudzMub3JnLzIwMDAvc3ZnIj4KICAgIDxwYXRoIGQ9Ik0xMC43MjIgNC4yOTNjLS4zOTQtLjM5LTEuMDMyLS4zOS0xLjQyNyAwLS4zOTMuMzktLjM5MyAxLjAzIDAgMS40MmwxMS4yODMgMTAuMjgtMTEuMjgzIDEwLjI5Yy0uMzkzLjM5LS4zOTMgMS4wMiAwIDEuNDIuMzk1LjM5IDEuMDMzLjM5IDEuNDI3IDBsMTIuMDA3LTEwLjk0Yy4yMS0uMjEuMy0uNDkuMjg0LS43Ny4wMTQtLjI3LS4wNzYtLjU1LS4yODYtLjc2TDEwLjcyIDQuMjkzeiIKICAgICAgICAgIGZpbGw9IiNmZmZmZmYiIG9wYWNpdHk9IjAuOCIgZmlsbC1ydWxlPSJldmVub2RkIi8+Cjwvc3ZnPg==\" alt=\"next arrow\"><\/div><\/div><\/div><\/div><ss3-loader><\/ss3-loader><\/div><\/div><div class=\"n2_clear\"><\/div><\/div><\/div>\n\n<div class=\"wp-block-column is-layout-flow wp-container-core-column-is-layout-3ca914a4 wp-block-column-is-layout-flow\"><h3 class=\"wp-block-heading has-text-color\" style=\"color:#000000;font-size:clamp(21.536px, 1.346rem + ((1vw - 3.2px) * 1.53), 35px);font-style:normal;font-weight:600\">Entre tradition et modernit\u00e9<\/h3>\n\n<p class=\"has-text-color\" style=\"color:#000000;font-size:clamp(14px, 0.875rem + ((1vw - 3.2px) * 0.227), 16px);\">Le brocart Zhuang n&#8217;est pas seulement un objet d&#8217;art, il est aussi <strong>un textile aux usages pratiques<\/strong>. Dans l\u2019univers du design moderne, il s\u2019int\u00e8gre harmonieusement aux <strong>tendances contemporaines<\/strong> et se d\u00e9cline sous diff\u00e9rentes formes : <strong>\u00e9charpes, sacs, bijoux, pendentifs, lampes<\/strong> et bien d&#8217;autres objets alliant <strong>esth\u00e9tique et fonctionnalit\u00e9<\/strong>. Cette fusion entre tradition et innovation s\u00e9duit un large public et contribue \u00e0 la diffusion de l\u2019art du brocart Zhuang \u00e0 travers le monde.<\/p>\n\n<p class=\"has-text-color\" style=\"color:#000000;font-size:clamp(14px, 0.875rem + ((1vw - 3.2px) * 0.227), 16px);\">Le tissage du brocart Zhuang est <strong>une technique artisanale exigeante<\/strong>, n\u00e9cessitant <strong>un long apprentissage<\/strong> et une grande patience. Cependant, la complexit\u00e9 du processus, associ\u00e9e \u00e0 des revenus souvent modestes, entra\u00eene <strong>une diminution du nombre de jeunes artisans pr\u00eats \u00e0 perp\u00e9tuer cet h\u00e9ritage<\/strong>.<\/p>\n\n<p class=\"has-text-color\" style=\"color:#000000;font-size:clamp(14px, 0.875rem + ((1vw - 3.2px) * 0.227), 16px);\">Pour relever ce d\u00e9fi, les ma\u00eetres artisans s&#8217;engagent activement dans la <strong>pr\u00e9servation et la transmission<\/strong> du brocart Zhuang. \u00c0 travers <strong>des expositions, des d\u00e9monstrations et des ateliers<\/strong>, ils sensibilisent le public \u00e0 cette richesse culturelle. Par ailleurs, <strong>l\u2019int\u00e9gration du tissage du brocart Zhuang dans les \u00e9coles du Guangxi<\/strong> permet aux jeunes g\u00e9n\u00e9rations de d\u00e9couvrir et d\u2019apprendre cet art ancestral, \u00e9veillant ainsi leur int\u00e9r\u00eat et formant les futurs artisans.<\/p>\n\n<p class=\"has-text-color\" style=\"color:#000000;font-size:clamp(14px, 0.875rem + ((1vw - 3.2px) * 0.227), 16px);\">Gr\u00e2ce \u00e0 ces initiatives, le brocart Zhuang <strong>s\u2019adapte aux \u00e9volutions de la soci\u00e9t\u00e9 tout en pr\u00e9servant son \u00e2me<\/strong>, assurant ainsi sa transmission et son rayonnement pour les g\u00e9n\u00e9rations futures.<\/p><\/div><\/div><\/div><p><strong>Vid\u00e9o sur la fabrication du brocart Zhuang<\/strong><\/p><figure class=\"wp-block-video\"><video height=\"368\" style=\"aspect-ratio: 640 \/ 368;\" width=\"640\" controls src=\"https:\/\/helloguangxi.com\/wp-content\/uploads\/2025\/05\/1000027202.mp4\"><\/video><\/figure><p><em>(source internet)<\/em><\/p>","protected":false},"excerpt":{"rendered":"<p>Le brocart Zhuang, l\u2019un des quatre c\u00e9l\u00e8bres brocarts de Chine aux c\u00f4t\u00e9s du brocart Yun, du brocart Shu et du brocart Song, serait apparu sous la dynastie Song. \u00c0 cette \u00e9poque, il \u00e9tait consid\u00e9r\u00e9 comme un tribut imp\u00e9rial, ce qui t\u00e9moigne de sa grande valeur. Durant les dynasties Ming et Qing, il a continu\u00e9 \u00e0 [&hellip;]<\/p>\n","protected":false},"author":3,"featured_media":0,"parent":0,"menu_order":0,"comment_status":"closed","ping_status":"closed","template":"","meta":{"footnotes":""},"class_list":["post-433","page","type-page","status-publish","hentry"],"_links":{"self":[{"href":"https:\/\/helloguangxi.com\/index.php\/wp-json\/wp\/v2\/pages\/433","targetHints":{"allow":["GET"]}}],"collection":[{"href":"https:\/\/helloguangxi.com\/index.php\/wp-json\/wp\/v2\/pages"}],"about":[{"href":"https:\/\/helloguangxi.com\/index.php\/wp-json\/wp\/v2\/types\/page"}],"author":[{"embeddable":true,"href":"https:\/\/helloguangxi.com\/index.php\/wp-json\/wp\/v2\/users\/3"}],"replies":[{"embeddable":true,"href":"https:\/\/helloguangxi.com\/index.php\/wp-json\/wp\/v2\/comments?post=433"}],"version-history":[{"count":21,"href":"https:\/\/helloguangxi.com\/index.php\/wp-json\/wp\/v2\/pages\/433\/revisions"}],"predecessor-version":[{"id":950,"href":"https:\/\/helloguangxi.com\/index.php\/wp-json\/wp\/v2\/pages\/433\/revisions\/950"}],"wp:attachment":[{"href":"https:\/\/helloguangxi.com\/index.php\/wp-json\/wp\/v2\/media?parent=433"}],"curies":[{"name":"wp","href":"https:\/\/api.w.org\/{rel}","templated":true}]}}