{"id":177,"date":"2024-06-24T23:38:44","date_gmt":"2024-06-24T21:38:44","guid":{"rendered":"https:\/\/helloguangxi.com\/?page_id=177"},"modified":"2024-06-24T23:49:44","modified_gmt":"2024-06-24T21:49:44","slug":"delices-incontournables-de-guangxi","status":"publish","type":"page","link":"https:\/\/helloguangxi.com\/index.php\/delices-incontournables-de-guangxi\/","title":{"rendered":"D\u00e9lices incontournables de Guangxi"},"content":{"rendered":"<div class=\"wp-block-group alignfull has-background has-global-padding is-layout-constrained wp-container-core-group-is-layout-6e824401 wp-block-group-is-layout-constrained\" style=\"background-color:#e0e0da;margin-top:0;margin-bottom:0\"><div class=\"wp-block-columns has-background is-layout-flex wp-container-core-columns-is-layout-bb8eb260 wp-block-columns-is-layout-flex\" style=\"background-color:#e0e0da;padding-top:70px;padding-right:20px;padding-bottom:70px;padding-left:20px\"><div class=\"wp-block-column is-layout-flow wp-container-core-column-is-layout-fe0e2ea3 wp-block-column-is-layout-flow\"><h3 class=\"wp-block-heading has-text-color\" style=\"color:#000000;font-size:clamp(16.293px, 1.018rem + ((1vw - 3.2px) * 0.989), 25px);font-style:normal;font-weight:600\"><strong>Global Participation<\/strong><\/h3>\n\n<p class=\"has-text-color\" style=\"color:#000000;font-size:clamp(14px, 0.875rem + ((1vw - 3.2px) * 0.227), 16px);\">Over <strong>1 million <\/strong>individuals worldwide have actively engaged in our movement for natural habitat preservation.<\/p><\/div>\n\n<div class=\"wp-block-column is-layout-flow wp-container-core-column-is-layout-fe0e2ea3 wp-block-column-is-layout-flow\"><h3 class=\"wp-block-heading has-text-color\" style=\"color:#000000;font-size:clamp(16.293px, 1.018rem + ((1vw - 3.2px) * 0.989), 25px);font-style:normal;font-weight:600\"><strong>Financial Support<\/strong><\/h3>\n\n<p class=\"has-text-color\" style=\"color:#000000;font-size:clamp(14px, 0.875rem + ((1vw - 3.2px) * 0.227), 16px);\">A <strong>40%<\/strong> surge in financial contributions over the past year empowers us to expand conservation projects and outreach.<\/p><\/div>\n\n<div class=\"wp-block-column is-layout-flow wp-container-core-column-is-layout-fe0e2ea3 wp-block-column-is-layout-flow\"><h3 class=\"wp-block-heading has-text-color\" style=\"color:#000000;font-size:clamp(16.293px, 1.018rem + ((1vw - 3.2px) * 0.989), 25px);font-style:normal;font-weight:600\"><strong>Policy Advocacy Impact<\/strong><\/h3>\n\n<p class=\"has-text-color\" style=\"color:#000000;font-size:clamp(14px, 0.875rem + ((1vw - 3.2px) * 0.227), 16px);\">Our coordinated advocacy efforts led to a <strong>25%<\/strong> improvement in government commitments to habitat conservation.<\/p><\/div><\/div><\/div><div class=\"wp-block-group alignwide has-global-padding is-layout-constrained wp-container-core-group-is-layout-eed1bd90 wp-block-group-is-layout-constrained\" style=\"margin-top:0;margin-bottom:0;padding-top:100px;padding-bottom:50px\"><div class=\"wp-block-columns is-layout-flex wp-container-core-columns-is-layout-9b24e0e0 wp-block-columns-is-layout-flex\"><div class=\"wp-block-column is-vertically-aligned-center is-layout-flow wp-block-column-is-layout-flow\"><h3 class=\"wp-block-heading has-text-color\" style=\"color:#000000;font-size:clamp(21.536px, 1.346rem + ((1vw - 3.2px) * 1.53), 35px);font-style:normal;font-weight:600\"><br>D\u00e9lices incontournables de Guangxi<\/h3>\n\n<p class=\"has-text-color\" style=\"color:#000000;font-size:clamp(14px, 0.875rem + ((1vw - 3.2px) * 0.227), 16px);\">Au c\u0153ur de la cuisine de Guangxi on trouve le riz, sous toutes ses formes, en grains, en nouilles ou vermicelles. Les minorit\u00e9s ethniques, comme les Zhuang ou les Mou ont \u00e9galement apport\u00e9 leurs propres sp\u00e9cialit\u00e9s \u00e0 la cuisine de Guangxi.\u00a0Voici quelques plats parmi les riches vari\u00e9t\u00e9s de plats de Guangxi<\/p>\n\n<div class=\"wp-block-buttons is-layout-flex wp-block-buttons-is-layout-flex\"><div class=\"wp-block-button has-custom-font-size\" style=\"font-size:clamp(14px, 0.875rem + ((1vw - 3.2px) * 0.227), 16px);\"><a class=\"wp-block-button__link has-text-color has-background wp-element-button\" style=\"border-style:none;border-width:0px;border-radius:0px;color:#ffffff;background-color:#253550;padding-top:19px;padding-right:50px;padding-bottom:19px;padding-left:50px\">Learn More<\/a><\/div><\/div><\/div>\n\n<div class=\"wp-block-column is-layout-flow wp-block-column-is-layout-flow\"><figure class=\"wp-block-image size-large\"><img loading=\"lazy\" decoding=\"async\" width=\"1024\" height=\"755\" src=\"https:\/\/helloguangxi.com\/wp-content\/uploads\/2024\/06\/meishi-1024x755.jpeg\" alt=\"\" class=\"wp-image-181\" srcset=\"https:\/\/helloguangxi.com\/wp-content\/uploads\/2024\/06\/meishi-1024x755.jpeg 1024w, https:\/\/helloguangxi.com\/wp-content\/uploads\/2024\/06\/meishi-300x221.jpeg 300w, https:\/\/helloguangxi.com\/wp-content\/uploads\/2024\/06\/meishi-768x566.jpeg 768w, https:\/\/helloguangxi.com\/wp-content\/uploads\/2024\/06\/meishi.jpeg 1080w\" sizes=\"auto, (max-width: 1024px) 100vw, 1024px\" \/><\/figure><\/div><\/div><\/div><div class=\"wp-block-group alignwide has-global-padding is-layout-constrained wp-container-core-group-is-layout-9273f8d9 wp-block-group-is-layout-constrained\" style=\"margin-top:0;margin-bottom:0;padding-top:50px;padding-bottom:100px\"><div class=\"wp-block-columns is-layout-flex wp-container-core-columns-is-layout-9b24e0e0 wp-block-columns-is-layout-flex\"><div class=\"wp-block-column is-vertically-aligned-center is-layout-flow wp-block-column-is-layout-flow\"><h3 class=\"wp-block-heading has-text-color\" style=\"color:#000000;font-size:clamp(21.536px, 1.346rem + ((1vw - 3.2px) * 1.53), 35px);font-style:normal;font-weight:600\">Les trois grands plats de nouilles de riz de la r\u00e9gion :<\/h3>\n\n<details class=\"wp-block-details is-layout-flow wp-block-details-is-layout-flow\"><summary>Nouilles de Liuzhou dans le bouillon des escargots de rivi\u00e8re\uff08Luoshi fen\u87ba\u86f3\u7c89).\u00a0<br>Une des sp\u00e9cialit\u00e9s les plus caract\u00e9ristiques de la ville de Liuzhou. Elles sont accompagn\u00e9es avec des cacahu\u00e8tes frites, des morceaux de pousses de bambou et de haricots ferment\u00e9s (au go\u00fbt acide et \u00e9pic\u00e9).\u00a0<br>Les nouilles d&#8217;escargot sont appr\u00e9ci\u00e9es par leur saveur acidul\u00e9e et \u00e9pic\u00e9e. Elles ne sont pas seulement une d\u00e9licieuse sp\u00e9cialit\u00e9, mais aussi la fiert\u00e9 des habitants de Liuzhou. Ce plat fait la renomm\u00e9e de la ville nationalement.<\/summary><p><\/p>\n\n<\/details><\/div><\/div><\/div><figure class=\"wp-block-image size-large\"><img loading=\"lazy\" decoding=\"async\" width=\"1024\" height=\"576\" src=\"https:\/\/helloguangxi.com\/wp-content\/uploads\/2024\/06\/YILI0268-1024x576.jpg\" alt=\"\" class=\"wp-image-185\" srcset=\"https:\/\/helloguangxi.com\/wp-content\/uploads\/2024\/06\/YILI0268-1024x576.jpg 1024w, https:\/\/helloguangxi.com\/wp-content\/uploads\/2024\/06\/YILI0268-300x169.jpg 300w, https:\/\/helloguangxi.com\/wp-content\/uploads\/2024\/06\/YILI0268-768x432.jpg 768w, https:\/\/helloguangxi.com\/wp-content\/uploads\/2024\/06\/YILI0268-1536x864.jpg 1536w, https:\/\/helloguangxi.com\/wp-content\/uploads\/2024\/06\/YILI0268-2048x1152.jpg 2048w\" sizes=\"auto, (max-width: 1024px) 100vw, 1024px\" \/><\/figure><div class=\"wp-block-group alignwide has-global-padding is-layout-constrained wp-container-core-group-is-layout-5ff8a92b wp-block-group-is-layout-constrained\" style=\"margin-top:0;margin-bottom:0;padding-top:100px;padding-bottom:100px\"><div class=\"wp-block-columns is-layout-flex wp-container-core-columns-is-layout-17070c2b wp-block-columns-is-layout-flex\"><div class=\"wp-block-column is-layout-flow wp-block-column-is-layout-flow\"><h3 class=\"wp-block-heading has-text-color\" style=\"color:#000000;font-size:clamp(21.536px, 1.346rem + ((1vw - 3.2px) * 1.53), 35px);font-style:normal;font-weight:600\">Lets connect in person to revel in the beauty of the natural world together.<\/h3><\/div>\n\n<div class=\"wp-block-column is-layout-flow wp-container-core-column-is-layout-3ca914a4 wp-block-column-is-layout-flow\"><div class=\"wp-block-buttons is-layout-flex wp-block-buttons-is-layout-flex\"><div class=\"wp-block-button has-custom-font-size\" style=\"font-size:clamp(14px, 0.875rem + ((1vw - 3.2px) * 0.227), 16px);\"><a class=\"wp-block-button__link has-text-color has-background wp-element-button\" style=\"border-style:none;border-width:0px;border-radius:0px;color:#ffffff;background-color:#253550;padding-top:19px;padding-right:50px;padding-bottom:19px;padding-left:50px\">Take Action<\/a><\/div><\/div><\/div><\/div><\/div><div class=\"wp-block-group alignfull has-background has-global-padding is-layout-constrained wp-container-core-group-is-layout-6e824401 wp-block-group-is-layout-constrained\" style=\"background-color:#e0e0da;margin-top:0;margin-bottom:0\"><\/div><div class=\"wp-block-group alignwide has-global-padding is-layout-constrained wp-container-core-group-is-layout-eed1bd90 wp-block-group-is-layout-constrained\" style=\"margin-top:0;margin-bottom:0;padding-top:100px;padding-bottom:50px\"><div class=\"wp-block-columns is-layout-flex wp-container-core-columns-is-layout-9b24e0e0 wp-block-columns-is-layout-flex\"><div class=\"wp-block-column is-vertically-aligned-center is-layout-flow wp-block-column-is-layout-flow\"><h3 class=\"wp-block-heading has-text-color\" style=\"color:#000000;font-size:clamp(21.536px, 1.346rem + ((1vw - 3.2px) * 1.53), 35px);font-style:normal;font-weight:600\"><br>World change is achievable history attests to our success.<\/h3>\n\n<p class=\"has-text-color\" style=\"color:#000000;font-size:clamp(14px, 0.875rem + ((1vw - 3.2px) * 0.227), 16px);\">Bringing years of experience to the forefront, our leadership team tackles the greatest challenge of our time. Results-driven, we boast a proven track record of past successes.<\/p>\n\n<div class=\"wp-block-buttons is-layout-flex wp-block-buttons-is-layout-flex\"><div class=\"wp-block-button has-custom-font-size\" style=\"font-size:clamp(14px, 0.875rem + ((1vw - 3.2px) * 0.227), 16px);\"><a class=\"wp-block-button__link has-text-color has-background wp-element-button\" style=\"border-style:none;border-width:0px;border-radius:0px;color:#ffffff;background-color:#253550;padding-top:19px;padding-right:50px;padding-bottom:19px;padding-left:50px\">Learn More<\/a><\/div><\/div><\/div>\n\n<div class=\"wp-block-column is-layout-flow wp-block-column-is-layout-flow\"><figure class=\"wp-block-image size-full is-resized\"><img decoding=\"async\" src=\"https:\/\/tyler.com\/wp-content\/uploads\/2023\/11\/Hike-Home-2nd-sec-image.jpeg\" alt=\"\" class=\"wp-image-1514\" style=\"object-fit:cover;width:550px;height:500px\"\/><\/figure><\/div><\/div><\/div><div class=\"wp-block-group alignwide has-global-padding is-layout-constrained wp-container-core-group-is-layout-9273f8d9 wp-block-group-is-layout-constrained\" style=\"margin-top:0;margin-bottom:0;padding-top:50px;padding-bottom:100px\"><div class=\"wp-block-columns is-layout-flex wp-container-core-columns-is-layout-9b24e0e0 wp-block-columns-is-layout-flex\"><div class=\"wp-block-column is-layout-flow wp-block-column-is-layout-flow\"><figure class=\"wp-block-image size-full is-resized\"><img decoding=\"async\" src=\"https:\/\/tyler.com\/wp-content\/uploads\/2023\/11\/Hike-Home-3rd-sec-image.jpeg\" alt=\"\" class=\"wp-image-1515\" style=\"object-fit:cover;width:550px;height:500px\"\/><\/figure><\/div>\n\n<div class=\"wp-block-column is-vertically-aligned-center is-layout-flow wp-block-column-is-layout-flow\"><h3 class=\"wp-block-heading has-text-color\" style=\"color:#000000;font-size:clamp(21.536px, 1.346rem + ((1vw - 3.2px) * 1.53), 35px);font-style:normal;font-weight:600\">Ready for the next move?<\/h3>\n\n<p class=\"has-text-color\" style=\"color:#000000;font-size:clamp(14px, 0.875rem + ((1vw - 3.2px) * 0.227), 16px);\">Join a global movement of billions. Whether you prefer investing time to support our advocacy goals, contributing financially to fuel our growth, or exerting energy to apply political pressure on governments, we welcome you to our team.<\/p>\n\n<div class=\"wp-block-buttons is-layout-flex wp-block-buttons-is-layout-flex\"><div class=\"wp-block-button has-custom-font-size\" style=\"font-size:clamp(14px, 0.875rem + ((1vw - 3.2px) * 0.227), 16px);\"><a class=\"wp-block-button__link has-text-color has-background wp-element-button\" style=\"border-style:none;border-width:0px;border-radius:0px;color:#ffffff;background-color:#253550;padding-top:19px;padding-right:50px;padding-bottom:19px;padding-left:50px\">Take Action<\/a><\/div><\/div><\/div><\/div><\/div><div class=\"wp-block-cover alignfull\" style=\"margin-top:0;margin-bottom:0;min-height:600px;aspect-ratio:unset;\"><span aria-hidden=\"true\" class=\"wp-block-cover__background has-background-dim-30 has-background-dim\"><\/span><img decoding=\"async\" class=\"wp-block-cover__image-background wp-image-1516\" alt=\"\" src=\"https:\/\/tyler.com\/wp-content\/uploads\/2023\/11\/Hike-Home-4th-cover-image.jpeg\" style=\"object-position:50% 51%\" data-object-fit=\"cover\" data-object-position=\"50% 51%\"\/><div class=\"wp-block-cover__inner-container has-global-padding is-layout-constrained wp-container-core-cover-is-layout-c8893828 wp-block-cover-is-layout-constrained\"><h3 class=\"wp-block-heading has-text-align-center has-text-color\" style=\"color:#ffffff;font-size:clamp(21.536px, 1.346rem + ((1vw - 3.2px) * 1.53), 35px);font-style:normal;font-weight:600\">Hike has successfully achieved over 250+ significant conservation goals for its partners, inspiring everyone to care for the planet.<br><\/h3>\n\n<h5 class=\"wp-block-heading has-text-align-center has-text-color\" style=\"color:#ffffff;font-size:clamp(14.642px, 0.915rem + ((1vw - 3.2px) * 0.836), 22px);font-style:normal;font-weight:600\">&#8211; Elysia Evergreen<\/h5><\/div><\/div><div class=\"wp-block-group alignwide has-global-padding is-layout-constrained wp-container-core-group-is-layout-5ff8a92b wp-block-group-is-layout-constrained\" style=\"margin-top:0;margin-bottom:0;padding-top:100px;padding-bottom:100px\"><div class=\"wp-block-columns is-layout-flex wp-container-core-columns-is-layout-17070c2b wp-block-columns-is-layout-flex\"><div class=\"wp-block-column is-layout-flow wp-block-column-is-layout-flow\"><h3 class=\"wp-block-heading has-text-color\" style=\"color:#000000;font-size:clamp(21.536px, 1.346rem + ((1vw - 3.2px) * 1.53), 35px);font-style:normal;font-weight:600\">Lets connect in person to revel in the beauty of the natural world together.<\/h3><\/div>\n\n<div class=\"wp-block-column is-layout-flow wp-container-core-column-is-layout-3ca914a4 wp-block-column-is-layout-flow\"><p class=\"has-text-color\" style=\"color:#000000;font-size:clamp(14px, 0.875rem + ((1vw - 3.2px) * 0.227), 16px);\">Join us for unforgettable in-person experiences celebrating the beauty of nature. From guided walks to community cleanups, immerse yourself in our events and connect with fellow nature enthusiasts.<\/p>\n\n<div class=\"wp-block-buttons is-layout-flex wp-block-buttons-is-layout-flex\"><div class=\"wp-block-button has-custom-font-size\" style=\"font-size:clamp(14px, 0.875rem + ((1vw - 3.2px) * 0.227), 16px);\"><a class=\"wp-block-button__link has-text-color has-background wp-element-button\" style=\"border-style:none;border-width:0px;border-radius:0px;color:#ffffff;background-color:#253550;padding-top:19px;padding-right:50px;padding-bottom:19px;padding-left:50px\">Take Action<\/a><\/div><\/div><\/div><\/div><\/div>","protected":false},"excerpt":{"rendered":"<p>Global Participation Over 1 million individuals worldwide have actively engaged in our movement for natural habitat preservation. Financial Support A 40% surge in financial contributions over the past year empowers us to expand conservation projects and outreach. Policy Advocacy Impact Our coordinated advocacy efforts led to a 25% improvement in government commitments to habitat conservation. [&hellip;]<\/p>\n","protected":false},"author":1,"featured_media":0,"parent":0,"menu_order":0,"comment_status":"closed","ping_status":"closed","template":"","meta":{"footnotes":""},"class_list":["post-177","page","type-page","status-publish","hentry"],"_links":{"self":[{"href":"https:\/\/helloguangxi.com\/index.php\/wp-json\/wp\/v2\/pages\/177","targetHints":{"allow":["GET"]}}],"collection":[{"href":"https:\/\/helloguangxi.com\/index.php\/wp-json\/wp\/v2\/pages"}],"about":[{"href":"https:\/\/helloguangxi.com\/index.php\/wp-json\/wp\/v2\/types\/page"}],"author":[{"embeddable":true,"href":"https:\/\/helloguangxi.com\/index.php\/wp-json\/wp\/v2\/users\/1"}],"replies":[{"embeddable":true,"href":"https:\/\/helloguangxi.com\/index.php\/wp-json\/wp\/v2\/comments?post=177"}],"version-history":[{"count":7,"href":"https:\/\/helloguangxi.com\/index.php\/wp-json\/wp\/v2\/pages\/177\/revisions"}],"predecessor-version":[{"id":186,"href":"https:\/\/helloguangxi.com\/index.php\/wp-json\/wp\/v2\/pages\/177\/revisions\/186"}],"wp:attachment":[{"href":"https:\/\/helloguangxi.com\/index.php\/wp-json\/wp\/v2\/media?parent=177"}],"curies":[{"name":"wp","href":"https:\/\/api.w.org\/{rel}","templated":true}]}}